{"id":12,"date":"2021-05-31T12:09:50","date_gmt":"2021-05-31T10:09:50","guid":{"rendered":"https:\/\/epl27.domainedechambray.fr\/?page_id=12"},"modified":"2026-04-10T11:06:23","modified_gmt":"2026-04-10T09:06:23","slug":"les-formations-chambray","status":"publish","type":"page","link":"https:\/\/educagri27.fr\/index.php\/les-formations-chambray\/","title":{"rendered":"Les formations du lyc\u00e9e \u00c9douard de Chambray"},"content":{"rendered":"\t\t<div data-elementor-type=\"wp-page\" data-elementor-id=\"12\" class=\"elementor elementor-12\" data-elementor-settings=\"[]\">\n\t\t\t\t\t\t\t<div class=\"elementor-section-wrap\">\n\t\t\t\t\t\t\t<section class=\"elementor-section elementor-top-section elementor-element elementor-element-3f5a050 elementor-section-boxed elementor-section-height-default elementor-section-height-default\" data-id=\"3f5a050\" data-element_type=\"section\" data-settings=\"{&quot;jet_parallax_layout_list&quot;:[{&quot;jet_parallax_layout_image&quot;:{&quot;url&quot;:&quot;&quot;,&quot;id&quot;:&quot;&quot;},&quot;_id&quot;:&quot;128067a&quot;,&quot;jet_parallax_layout_image_tablet&quot;:{&quot;url&quot;:&quot;&quot;,&quot;id&quot;:&quot;&quot;},&quot;jet_parallax_layout_image_mobile&quot;:{&quot;url&quot;:&quot;&quot;,&quot;id&quot;:&quot;&quot;},&quot;jet_parallax_layout_speed&quot;:{&quot;unit&quot;:&quot;%&quot;,&quot;size&quot;:50,&quot;sizes&quot;:[]},&quot;jet_parallax_layout_type&quot;:&quot;scroll&quot;,&quot;jet_parallax_layout_direction&quot;:&quot;1&quot;,&quot;jet_parallax_layout_fx_direction&quot;:null,&quot;jet_parallax_layout_z_index&quot;:&quot;&quot;,&quot;jet_parallax_layout_bg_x&quot;:50,&quot;jet_parallax_layout_bg_x_tablet&quot;:&quot;&quot;,&quot;jet_parallax_layout_bg_x_mobile&quot;:&quot;&quot;,&quot;jet_parallax_layout_bg_y&quot;:50,&quot;jet_parallax_layout_bg_y_tablet&quot;:&quot;&quot;,&quot;jet_parallax_layout_bg_y_mobile&quot;:&quot;&quot;,&quot;jet_parallax_layout_bg_size&quot;:&quot;auto&quot;,&quot;jet_parallax_layout_bg_size_tablet&quot;:&quot;&quot;,&quot;jet_parallax_layout_bg_size_mobile&quot;:&quot;&quot;,&quot;jet_parallax_layout_animation_prop&quot;:&quot;transform&quot;,&quot;jet_parallax_layout_on&quot;:[&quot;desktop&quot;,&quot;tablet&quot;]}]}\">\n\t\t\t\t\t\t<div class=\"elementor-container elementor-column-gap-default\">\n\t\t\t\t\t<div class=\"elementor-column elementor-col-100 elementor-top-column elementor-element elementor-element-e320119\" data-id=\"e320119\" data-element_type=\"column\">\n\t\t\t<div class=\"elementor-widget-wrap elementor-element-populated\">\n\t\t\t\t\t\t\t\t<div class=\"elementor-element elementor-element-9cb974d elementor-widget elementor-widget-heading\" data-id=\"9cb974d\" data-element_type=\"widget\" data-widget_type=\"heading.default\">\n\t\t\t\t<div class=\"elementor-widget-container\">\n\t\t\t<h2 class=\"elementor-heading-title elementor-size-default\">Les formations du lyc\u00e9e \u00c9douard de Chambray - Mesnils sur Iton<\/h2>\t\t<\/div>\n\t\t\t\t<\/div>\n\t\t\t\t\t<\/div>\n\t\t<\/div>\n\t\t\t\t\t\t\t<\/div>\n\t\t<\/section>\n\t\t\t\t<section class=\"elementor-section elementor-top-section elementor-element elementor-element-b65e9c4 elementor-section-boxed elementor-section-height-default elementor-section-height-default\" data-id=\"b65e9c4\" data-element_type=\"section\" data-settings=\"{&quot;jet_parallax_layout_list&quot;:[{&quot;jet_parallax_layout_image&quot;:{&quot;url&quot;:&quot;&quot;,&quot;id&quot;:&quot;&quot;},&quot;_id&quot;:&quot;ad54f45&quot;,&quot;jet_parallax_layout_image_tablet&quot;:{&quot;url&quot;:&quot;&quot;,&quot;id&quot;:&quot;&quot;},&quot;jet_parallax_layout_image_mobile&quot;:{&quot;url&quot;:&quot;&quot;,&quot;id&quot;:&quot;&quot;},&quot;jet_parallax_layout_speed&quot;:{&quot;unit&quot;:&quot;%&quot;,&quot;size&quot;:50,&quot;sizes&quot;:[]},&quot;jet_parallax_layout_type&quot;:&quot;scroll&quot;,&quot;jet_parallax_layout_direction&quot;:&quot;1&quot;,&quot;jet_parallax_layout_fx_direction&quot;:null,&quot;jet_parallax_layout_z_index&quot;:&quot;&quot;,&quot;jet_parallax_layout_bg_x&quot;:50,&quot;jet_parallax_layout_bg_x_tablet&quot;:&quot;&quot;,&quot;jet_parallax_layout_bg_x_mobile&quot;:&quot;&quot;,&quot;jet_parallax_layout_bg_y&quot;:50,&quot;jet_parallax_layout_bg_y_tablet&quot;:&quot;&quot;,&quot;jet_parallax_layout_bg_y_mobile&quot;:&quot;&quot;,&quot;jet_parallax_layout_bg_size&quot;:&quot;auto&quot;,&quot;jet_parallax_layout_bg_size_tablet&quot;:&quot;&quot;,&quot;jet_parallax_layout_bg_size_mobile&quot;:&quot;&quot;,&quot;jet_parallax_layout_animation_prop&quot;:&quot;transform&quot;,&quot;jet_parallax_layout_on&quot;:[&quot;desktop&quot;,&quot;tablet&quot;]}]}\">\n\t\t\t\t\t\t<div class=\"elementor-container elementor-column-gap-default\">\n\t\t\t\t\t<div class=\"elementor-column elementor-col-100 elementor-top-column elementor-element elementor-element-cddb0da\" data-id=\"cddb0da\" data-element_type=\"column\">\n\t\t\t<div class=\"elementor-widget-wrap elementor-element-populated\">\n\t\t\t\t\t\t\t\t<div class=\"elementor-element elementor-element-3bf126b elementor-widget elementor-widget-text-editor\" data-id=\"3bf126b\" data-element_type=\"widget\" data-widget_type=\"text-editor.default\">\n\t\t\t\t<div class=\"elementor-widget-container\">\n\t\t\t\t\t\t\t<ul><li><a href=\"https:\/\/educagri27.fr\/index.php\/seconde-generale-et-technologique\/\">Seconde G\u00e9n\u00e9rale et Technologique<\/a><\/li><li><a href=\"https:\/\/educagri27.fr\/index.php\/bac-general-a-dominante-scientifique\/\">BAC G\u00e9n\u00e9ral \u00e0 dominante scientifique<\/a><\/li><li><a href=\"https:\/\/educagri27.fr\/index.php\/sciences-et-technologies-de-lagronomie-et-du-vivant\/\">BAC Sciences et Technologies de l&#8217;Agronomie et du Vivant (STAV)<\/a><\/li><li><a href=\"https:\/\/educagri27.fr\/index.php\/btsa-acse\/\">BTSA Analyse, Conduite et Strat\u00e9gie de l&#8217;Entreprise (ACSE)<\/a><\/li><li><a href=\"https:\/\/educagri27.fr\/index.php\/btsa-gemeau\/\">BTSA Gestion et ma\u00eetrise de l&#8217;eau (GEMEAU)<\/a><\/li><li><a href=\"https:\/\/educagri27.fr\/index.php\/btsa-acd\/\">BTSA Agronomie : Cultures durables (ACD)<\/a><\/li><li><a href=\"https:\/\/educagri27.fr\/index.php\/btsa-genie-des-equipements-agricoles-gdea\/\">BTSA G\u00e9nie des \u00c9quipements Agricoles (GDEA)<\/a><\/li><\/ul>\t\t\t\t\t\t<\/div>\n\t\t\t\t<\/div>\n\t\t\t\t\t<\/div>\n\t\t<\/div>\n\t\t\t\t\t\t\t<\/div>\n\t\t<\/section>\n\t\t\t\t<section class=\"elementor-section elementor-top-section elementor-element elementor-element-accc91f elementor-section-boxed elementor-section-height-default elementor-section-height-default\" data-id=\"accc91f\" data-element_type=\"section\" data-settings=\"{&quot;jet_parallax_layout_list&quot;:[]}\">\n\t\t\t\t\t\t<div class=\"elementor-container elementor-column-gap-default\">\n\t\t\t\t\t<div class=\"elementor-column elementor-col-100 elementor-top-column elementor-element elementor-element-4084a08\" data-id=\"4084a08\" data-element_type=\"column\">\n\t\t\t<div class=\"elementor-widget-wrap elementor-element-populated\">\n\t\t\t\t\t\t\t\t<div class=\"elementor-element elementor-element-9ac939d elementor-widget elementor-widget-heading\" data-id=\"9ac939d\" data-element_type=\"widget\" data-widget_type=\"heading.default\">\n\t\t\t\t<div class=\"elementor-widget-container\">\n\t\t\t<h2 class=\"elementor-heading-title elementor-size-default\">Les options et sections facultatives<\/h2>\t\t<\/div>\n\t\t\t\t<\/div>\n\t\t\t\t\t<\/div>\n\t\t<\/div>\n\t\t\t\t\t\t\t<\/div>\n\t\t<\/section>\n\t\t\t\t<section class=\"elementor-section elementor-top-section elementor-element elementor-element-ec9643a elementor-section-boxed elementor-section-height-default elementor-section-height-default\" data-id=\"ec9643a\" data-element_type=\"section\" data-settings=\"{&quot;jet_parallax_layout_list&quot;:[]}\">\n\t\t\t\t\t\t<div class=\"elementor-container elementor-column-gap-default\">\n\t\t\t\t\t<div class=\"elementor-column elementor-col-100 elementor-top-column elementor-element elementor-element-ee6ea46\" data-id=\"ee6ea46\" data-element_type=\"column\">\n\t\t\t<div class=\"elementor-widget-wrap elementor-element-populated\">\n\t\t\t\t\t\t\t\t<div class=\"elementor-element elementor-element-120d525 elementor-widget elementor-widget-text-editor\" data-id=\"120d525\" data-element_type=\"widget\" data-widget_type=\"text-editor.default\">\n\t\t\t\t<div class=\"elementor-widget-container\">\n\t\t\t\t\t\t\t<ul><li><a href=\"https:\/\/educagri27.fr\/index.php\/option-hippologie-equitation\/\" target=\"_blank\" rel=\"noopener\">Option Hippologie-\u00c9quitation<\/a>\u00a0<\/li><li><a href=\"https:\/\/educagri27.fr\/index.php\/option-vtt\/\" target=\"_blank\" rel=\"noopener\">Option VTT<\/a><\/li><li><a href=\"https:\/\/educagri27.fr\/index.php\/option-arts-du-spectacle\/\" target=\"_blank\" rel=\"noopener\">Option Arts du spectacle (Rentr\u00e9e 2026)<\/a><\/li><li><a href=\"https:\/\/educagri27.fr\/index.php\/section-europeenne-anglais\/\" target=\"_blank\" rel=\"noopener\">Section Europ\u00e9enne Anglais<\/a><\/li><li><a href=\"https:\/\/educagri27.fr\/index.php\/section-sportive-rugby\/\" target=\"_blank\" rel=\"noopener\">Section Sportive de l&#8217;Enseignement Agricole Rugby\u200b<\/a><\/li><\/ul>\t\t\t\t\t\t<\/div>\n\t\t\t\t<\/div>\n\t\t\t\t\t<\/div>\n\t\t<\/div>\n\t\t\t\t\t\t\t<\/div>\n\t\t<\/section>\n\t\t\t\t\t\t<\/div>\n\t\t\t\t\t<\/div>\n\t\t","protected":false},"excerpt":{"rendered":"<p>Les formations du lyc\u00e9e \u00c9douard de Chambray &#8211; Mesnils sur Iton Seconde G\u00e9n\u00e9rale et Technologique BAC G\u00e9n\u00e9ral \u00e0 dominante scientifique BAC Sciences et Technologies de l&#8217;Agronomie et du Vivant (STAV) BTSA Analyse, Conduite et Strat\u00e9gie de l&#8217;Entreprise (ACSE) BTSA Gestion et ma\u00eetrise de l&#8217;eau (GEMEAU) BTSA Agronomie : Cultures durables (ACD) BTSA G\u00e9nie des \u00c9quipements &hellip;<\/p>\n","protected":false},"author":1,"featured_media":0,"parent":0,"menu_order":0,"comment_status":"closed","ping_status":"closed","template":"","meta":{"footnotes":""},"class_list":["post-12","page","type-page","status-publish","hentry","no-thumb"],"_links":{"self":[{"href":"https:\/\/educagri27.fr\/index.php\/wp-json\/wp\/v2\/pages\/12","targetHints":{"allow":["GET"]}}],"collection":[{"href":"https:\/\/educagri27.fr\/index.php\/wp-json\/wp\/v2\/pages"}],"about":[{"href":"https:\/\/educagri27.fr\/index.php\/wp-json\/wp\/v2\/types\/page"}],"author":[{"embeddable":true,"href":"https:\/\/educagri27.fr\/index.php\/wp-json\/wp\/v2\/users\/1"}],"replies":[{"embeddable":true,"href":"https:\/\/educagri27.fr\/index.php\/wp-json\/wp\/v2\/comments?post=12"}],"version-history":[{"count":6,"href":"https:\/\/educagri27.fr\/index.php\/wp-json\/wp\/v2\/pages\/12\/revisions"}],"predecessor-version":[{"id":9499,"href":"https:\/\/educagri27.fr\/index.php\/wp-json\/wp\/v2\/pages\/12\/revisions\/9499"}],"wp:attachment":[{"href":"https:\/\/educagri27.fr\/index.php\/wp-json\/wp\/v2\/media?parent=12"}],"curies":[{"name":"wp","href":"https:\/\/api.w.org\/{rel}","templated":true}]}}