{"id":1371,"date":"2021-09-07T09:11:47","date_gmt":"2021-09-07T07:11:47","guid":{"rendered":"https:\/\/educagri27.fr\/?page_id=1371"},"modified":"2026-03-24T14:25:28","modified_gmt":"2026-03-24T13:25:28","slug":"cooperation-internationale","status":"publish","type":"page","link":"https:\/\/educagri27.fr\/index.php\/cooperation-internationale\/","title":{"rendered":"Coop\u00e9ration internationale"},"content":{"rendered":"\t\t<div data-elementor-type=\"wp-page\" data-elementor-id=\"1371\" class=\"elementor elementor-1371\" data-elementor-settings=\"[]\">\n\t\t\t\t\t\t\t<div class=\"elementor-section-wrap\">\n\t\t\t\t\t\t\t<section class=\"elementor-section elementor-top-section elementor-element elementor-element-fc16a70 elementor-section-boxed elementor-section-height-default elementor-section-height-default\" data-id=\"fc16a70\" data-element_type=\"section\" data-settings=\"{&quot;jet_parallax_layout_list&quot;:[{&quot;jet_parallax_layout_image&quot;:{&quot;url&quot;:&quot;&quot;,&quot;id&quot;:&quot;&quot;},&quot;_id&quot;:&quot;e3d67b1&quot;,&quot;jet_parallax_layout_image_tablet&quot;:{&quot;url&quot;:&quot;&quot;,&quot;id&quot;:&quot;&quot;},&quot;jet_parallax_layout_image_mobile&quot;:{&quot;url&quot;:&quot;&quot;,&quot;id&quot;:&quot;&quot;},&quot;jet_parallax_layout_speed&quot;:{&quot;unit&quot;:&quot;%&quot;,&quot;size&quot;:50,&quot;sizes&quot;:[]},&quot;jet_parallax_layout_type&quot;:&quot;scroll&quot;,&quot;jet_parallax_layout_direction&quot;:&quot;1&quot;,&quot;jet_parallax_layout_fx_direction&quot;:null,&quot;jet_parallax_layout_z_index&quot;:&quot;&quot;,&quot;jet_parallax_layout_bg_x&quot;:50,&quot;jet_parallax_layout_bg_x_tablet&quot;:&quot;&quot;,&quot;jet_parallax_layout_bg_x_mobile&quot;:&quot;&quot;,&quot;jet_parallax_layout_bg_y&quot;:50,&quot;jet_parallax_layout_bg_y_tablet&quot;:&quot;&quot;,&quot;jet_parallax_layout_bg_y_mobile&quot;:&quot;&quot;,&quot;jet_parallax_layout_bg_size&quot;:&quot;auto&quot;,&quot;jet_parallax_layout_bg_size_tablet&quot;:&quot;&quot;,&quot;jet_parallax_layout_bg_size_mobile&quot;:&quot;&quot;,&quot;jet_parallax_layout_animation_prop&quot;:&quot;transform&quot;,&quot;jet_parallax_layout_on&quot;:[&quot;desktop&quot;,&quot;tablet&quot;]}]}\">\n\t\t\t\t\t\t<div class=\"elementor-container elementor-column-gap-default\">\n\t\t\t\t\t<div class=\"elementor-column elementor-col-100 elementor-top-column elementor-element elementor-element-7decc8c\" data-id=\"7decc8c\" data-element_type=\"column\">\n\t\t\t<div class=\"elementor-widget-wrap elementor-element-populated\">\n\t\t\t\t\t\t\t\t<div class=\"elementor-element elementor-element-6a3b4be elementor-widget elementor-widget-heading\" data-id=\"6a3b4be\" data-element_type=\"widget\" data-widget_type=\"heading.default\">\n\t\t\t\t<div class=\"elementor-widget-container\">\n\t\t\t<h2 class=\"elementor-heading-title elementor-size-default\">Mobilit\u00e9 internationale<\/h2>\t\t<\/div>\n\t\t\t\t<\/div>\n\t\t\t\t\t<\/div>\n\t\t<\/div>\n\t\t\t\t\t\t\t<\/div>\n\t\t<\/section>\n\t\t\t\t<section class=\"elementor-section elementor-top-section elementor-element elementor-element-5b68072 elementor-section-boxed elementor-section-height-default elementor-section-height-default\" data-id=\"5b68072\" data-element_type=\"section\" data-settings=\"{&quot;jet_parallax_layout_list&quot;:[{&quot;jet_parallax_layout_image&quot;:{&quot;url&quot;:&quot;&quot;,&quot;id&quot;:&quot;&quot;},&quot;_id&quot;:&quot;4e41ae0&quot;,&quot;jet_parallax_layout_image_tablet&quot;:{&quot;url&quot;:&quot;&quot;,&quot;id&quot;:&quot;&quot;},&quot;jet_parallax_layout_image_mobile&quot;:{&quot;url&quot;:&quot;&quot;,&quot;id&quot;:&quot;&quot;},&quot;jet_parallax_layout_speed&quot;:{&quot;unit&quot;:&quot;%&quot;,&quot;size&quot;:50,&quot;sizes&quot;:[]},&quot;jet_parallax_layout_type&quot;:&quot;scroll&quot;,&quot;jet_parallax_layout_direction&quot;:&quot;1&quot;,&quot;jet_parallax_layout_fx_direction&quot;:null,&quot;jet_parallax_layout_z_index&quot;:&quot;&quot;,&quot;jet_parallax_layout_bg_x&quot;:50,&quot;jet_parallax_layout_bg_x_tablet&quot;:&quot;&quot;,&quot;jet_parallax_layout_bg_x_mobile&quot;:&quot;&quot;,&quot;jet_parallax_layout_bg_y&quot;:50,&quot;jet_parallax_layout_bg_y_tablet&quot;:&quot;&quot;,&quot;jet_parallax_layout_bg_y_mobile&quot;:&quot;&quot;,&quot;jet_parallax_layout_bg_size&quot;:&quot;auto&quot;,&quot;jet_parallax_layout_bg_size_tablet&quot;:&quot;&quot;,&quot;jet_parallax_layout_bg_size_mobile&quot;:&quot;&quot;,&quot;jet_parallax_layout_animation_prop&quot;:&quot;transform&quot;,&quot;jet_parallax_layout_on&quot;:[&quot;desktop&quot;,&quot;tablet&quot;]}]}\">\n\t\t\t\t\t\t<div class=\"elementor-container elementor-column-gap-default\">\n\t\t\t\t\t<div class=\"elementor-column elementor-col-100 elementor-top-column elementor-element elementor-element-a5d7dd5\" data-id=\"a5d7dd5\" data-element_type=\"column\">\n\t\t\t<div class=\"elementor-widget-wrap elementor-element-populated\">\n\t\t\t\t\t\t\t\t<div class=\"elementor-element elementor-element-22dc779 elementor-widget elementor-widget-text-editor\" data-id=\"22dc779\" data-element_type=\"widget\" data-widget_type=\"text-editor.default\">\n\t\t\t\t<div class=\"elementor-widget-container\">\n\t\t\t\t\t\t\t<div>\ud83c\udf0d Mobilit\u00e9 internationale des apprentis<\/div><div>Partir \u00e0 l\u2019\u00e9tranger pendant son apprentissage<\/div><div>\u00a0<\/div><div>La mobilit\u00e9 internationale permet aux apprentis de r\u00e9aliser une partie de leur formation ou un stage \u00e0 l\u2019\u00e9tranger, tout en restant inscrits dans leur parcours de formation en France.<\/div><div>\u00a0<\/div><div>\ud83c\udfaf Pourquoi partir \u00e0 l\u2019\u00e9tranger ?<\/div><div>\u00a0<\/div><div>Effectuer une mobilit\u00e9 internationale pr\u00e9sente de nombreux b\u00e9n\u00e9fices :<\/div><div>\u00a0<\/div><div>D\u00e9velopper ses comp\u00e9tences professionnelles dans un autre contexte<\/div><div>Am\u00e9liorer son niveau en langues \u00e9trang\u00e8res<\/div><div>Gagner en autonomie et en confiance<\/div><div>D\u00e9couvrir de nouvelles pratiques agricoles et professionnelles<\/div><div>Valoriser son parcours aupr\u00e8s des employeurs<\/div><div>\u00a0<\/div><div>\ud83d\udc49 Une exp\u00e9rience \u00e0 l\u2019international favorise l\u2019insertion professionnelle et l\u2019adaptabilit\u00e9<\/div><div>\u00a0<\/div><div>\u2699\ufe0f Comment faire ?<\/div><div>\u00a0<\/div><div>1. En parler d\u00e8s que possible<\/div><div>\u00a0 \u00a0Avec votre centre de formation (CFA \/ \u00e9tablissement)<\/div><div>\u00a0 \u00a0Avec votre employeur (accord obligatoire)<\/div><div>\u00a0<\/div><div>2. Construire votre projet<\/div><div>\u00a0 \u00a0Choix du pays et du type de mobilit\u00e9 (stage, formation\u2026)<\/div><div>\u00a0 \u00a0Recherche d\u2019une structure d\u2019accueil (souvent accompagn\u00e9e par l\u2019\u00e9tablissement)<\/div><div>\u00a0 \u00a0D\u00e9finition des objectifs p\u00e9dagogiques<\/div><div>\u00a0<\/div><div>3. Formaliser la mobilit\u00e9<\/div><div>\u00a0<\/div><div>Une convention obligatoire encadre votre s\u00e9jour (s\u00e9curit\u00e9, missions, statut)<\/div><div>\u00a0<\/div><div>Deux situations possibles :<\/div><div>\u00a0<\/div><div>Mise \u00e0 disposition : vous restez salari\u00e9 de votre entreprise fran\u00e7aise<\/div><div>Mise en veille du contrat : vous d\u00e9pendez de la structure d\u2019accueil \u00e0 l\u2019\u00e9tranger<\/div><div>\u00a0<\/div><div>\ud83d\udcc5 Quand partir ?<\/div><div>\u00a0<\/div><div>La mobilit\u00e9 peut avoir lieu pendant votre contrat d\u2019apprentissage :<\/div><div>\u00a0<\/div><div>Jusqu\u2019\u00e0 1 an maximum<\/div><div>Sans d\u00e9passer la moiti\u00e9 de la dur\u00e9e totale du contrat<\/div><div>\u00a0<\/div><div>\ud83d\udc49 Elle peut \u00eatre courte (quelques semaines) ou longue (plusieurs mois), selon votre projet.<\/div><div>\u00a0<\/div><div>\ud83d\udcb6 Quelles aides financi\u00e8res ?<\/div><div>\u00a0<\/div><div>Les mobilit\u00e9s peuvent \u00eatre financ\u00e9es en grande partie :<\/div><div>\u00a0<\/div><div>Bourses europ\u00e9ennes (Erasmus+)<\/div><div>Aides r\u00e9gionales ou sectorielles<\/div><div>Financement possible par les op\u00e9rateurs de comp\u00e9tences<\/div><div>\u00a0<\/div><div>\ud83d\udc49 Le programme Erasmus+ permet notamment de couvrir une partie des frais (transport, h\u00e9bergement, vie sur place)<\/div><div>\u00a0<\/div><div>\ud83c\uddea\ud83c\uddfa Le r\u00f4le du programme Erasmus+<\/div><div>\u00a0<\/div><div>Le programme Erasmus+ est le principal dispositif europ\u00e9en pour la mobilit\u00e9 des apprentis.<\/div><div>\u00a0<\/div><div>Ce qu\u2019il permet :<\/div><div>Effectuer un stage en entreprise \u00e0 l\u2019\u00e9tranger<\/div><div>Suivre une formation dans un organisme europ\u00e9en<\/div><div>Participer \u00e0 des projets p\u00e9dagogiques internationaux<\/div><div>\u00a0<\/div><div>Pour qui ?<\/div><div>Tous les apprentis (CAP, bac pro, BTS, etc.)<\/div><div>Toutes les fili\u00e8res, y compris agricoles<\/div><div>\u00a0<\/div><div>Quelques chiffres :<\/div><div>Environ 7 000 alternants fran\u00e7ais partent chaque ann\u00e9e avec Erasmus+<\/div><div>\u00a0<\/div><div>\ud83d\udc49 Erasmus+ est aujourd\u2019hui un levier majeur pour d\u00e9velopper la mobilit\u00e9 des apprentis.<\/div><div>\u00a0<\/div><div>\ud83d\udcdc Cadre r\u00e9glementaire (actualis\u00e9)<\/div><div>\u00a0<\/div><div>La mobilit\u00e9 internationale des apprentis est facilit\u00e9e par la loi du 27 d\u00e9cembre 2023 (\u00ab Erasmus de l\u2019apprentissage \u00bb) :<\/div><div>\u00a0<\/div><div>Simplification des d\u00e9marches administratives<\/div><div>S\u00e9curisation du statut (protection sociale, r\u00e9mun\u00e9ration)<\/div><div>Possibilit\u00e9 de mobilit\u00e9 plus longue<\/div><div>Choix du statut (mise \u00e0 disposition ou mise en veille)<\/div><div>\u00a0<\/div><div>\ud83d\udd17 Liens utiles pour les apprentis<\/div><div>\u00a0<\/div><div>\ud83d\udc49 D\u00e9couvrir Erasmus+ (Agence nationale)<\/div><div><a href=\"https:\/\/agence.erasmusplus.fr\" target=\"_blank\" rel=\"noopener noreferrer\">https:\/\/agence.erasmusplus.fr<\/a><\/div><div>\u00a0<\/div><div>\u00a0<\/div><div>\ud83d\udc49 Partir \u00e0 l\u2019\u00e9tranger en apprentissage<\/div><div><a href=\"https:\/\/agence.erasmusplus.fr\/profils\/vous-souhaitez-partir-a-letranger\/je-suis-en-periode-dapprentissage-dalternance\/\" target=\"_blank\" rel=\"noopener noreferrer\">https:\/\/agence.erasmusplus.fr\/profils\/vous-souhaitez-partir-a-letranger\/je-suis-en-periode-dapprentissage-dalternance\/<\/a><\/div><div>\u00a0<\/div><div>\u00a0<\/div><div>\ud83d\udc49 Informations officielles \u2013 mobilit\u00e9 des alternants (Minist\u00e8re du Travail)<\/div><div><a href=\"https:\/\/travail-emploi.gouv.fr\/la-mobilite-europeenne-et-internationale-des-alternants\" target=\"_blank\" rel=\"noopener noreferrer\">https:\/\/travail-emploi.gouv.fr\/la-mobilite-europeenne-et-internationale-des-alternants<\/a><\/div><div>\u00a0<\/div><div>\u00a0<\/div><div>\ud83d\udc49 Pr\u00e9parer un stage Erasmus+ (Onisep)<\/div><div><a href=\"https:\/\/www.onisep.fr\" target=\"_blank\" rel=\"noopener noreferrer\">https:\/\/www.onisep.fr<\/a><\/div><div>\u00a0<\/div><div>\u00a0<\/div><div>\ud83d\udc49 Plateforme jeunes \u2013 mobilit\u00e9 internationale<\/div><div><a href=\"https:\/\/www.decouvrirlemonde.jeunes.gouv.fr\" target=\"_blank\" rel=\"noopener noreferrer\">https:\/\/www.decouvrirlemonde.jeunes.gouv.fr<\/a><\/div><div>\u00a0<\/div><div>\ud83d\udc49 Le guide de la mobilit\u00e9 internationale des jeunes de l&#8217;enseignement agricole.<\/div><div><a href=\"https:\/\/red.educagri.fr\/le-petit-guide-de-la-mobilite\/\" target=\"_blank\" rel=\"noopener\">https:\/\/red.educagri.fr\/le-petit-guide-de-la-mobilite\/<\/a><\/div><div>\u00a0<\/div><div>\u00a0<\/div><div>\ud83d\udccc \u00c0 retenir<\/div><div>\u00a0<\/div><div>La mobilit\u00e9 internationale est accessible \u00e0 tous les apprentis<\/div><div>Elle est encadr\u00e9e juridiquement et s\u00e9curis\u00e9e<\/div><div>Elle peut \u00eatre financ\u00e9e (notamment via Erasmus+)<\/div><div>Elle constitue un v\u00e9ritable atout pour votre avenir professionnel<\/div><div>\u00a0<\/div><div>\ud83d\udcde Contact dans l\u2019\u00e9tablissement<\/div><div>\u00a0<\/div><div>Judit HENNEGUET :\u00a0 02 32 35 66 50<\/div>\t\t\t\t\t\t<\/div>\n\t\t\t\t<\/div>\n\t\t\t\t\t<\/div>\n\t\t<\/div>\n\t\t\t\t\t\t\t<\/div>\n\t\t<\/section>\n\t\t\t\t\t\t<\/div>\n\t\t\t\t\t<\/div>\n\t\t","protected":false},"excerpt":{"rendered":"<p>Mobilit\u00e9 internationale \ud83c\udf0d Mobilit\u00e9 internationale des apprentisPartir \u00e0 l\u2019\u00e9tranger pendant son apprentissage\u00a0La mobilit\u00e9 internationale permet aux apprentis de r\u00e9aliser une partie de leur formation ou un stage \u00e0 l\u2019\u00e9tranger, tout en restant inscrits dans leur parcours de formation en France.\u00a0\ud83c\udfaf Pourquoi partir \u00e0 l\u2019\u00e9tranger ?\u00a0Effectuer une mobilit\u00e9 internationale pr\u00e9sente de nombreux b\u00e9n\u00e9fices :\u00a0D\u00e9velopper ses comp\u00e9tences &hellip;<\/p>\n","protected":false},"author":1,"featured_media":0,"parent":0,"menu_order":0,"comment_status":"closed","ping_status":"closed","template":"","meta":{"footnotes":""},"class_list":["post-1371","page","type-page","status-publish","hentry","no-thumb"],"_links":{"self":[{"href":"https:\/\/educagri27.fr\/index.php\/wp-json\/wp\/v2\/pages\/1371","targetHints":{"allow":["GET"]}}],"collection":[{"href":"https:\/\/educagri27.fr\/index.php\/wp-json\/wp\/v2\/pages"}],"about":[{"href":"https:\/\/educagri27.fr\/index.php\/wp-json\/wp\/v2\/types\/page"}],"author":[{"embeddable":true,"href":"https:\/\/educagri27.fr\/index.php\/wp-json\/wp\/v2\/users\/1"}],"replies":[{"embeddable":true,"href":"https:\/\/educagri27.fr\/index.php\/wp-json\/wp\/v2\/comments?post=1371"}],"version-history":[{"count":12,"href":"https:\/\/educagri27.fr\/index.php\/wp-json\/wp\/v2\/pages\/1371\/revisions"}],"predecessor-version":[{"id":9330,"href":"https:\/\/educagri27.fr\/index.php\/wp-json\/wp\/v2\/pages\/1371\/revisions\/9330"}],"wp:attachment":[{"href":"https:\/\/educagri27.fr\/index.php\/wp-json\/wp\/v2\/media?parent=1371"}],"curies":[{"name":"wp","href":"https:\/\/api.w.org\/{rel}","templated":true}]}}