{"id":335,"date":"2021-06-15T14:48:42","date_gmt":"2021-06-15T12:48:42","guid":{"rendered":"https:\/\/epl27.domainedechambray.fr\/?page_id=335"},"modified":"2026-04-10T16:11:47","modified_gmt":"2026-04-10T14:11:47","slug":"contacts","status":"publish","type":"page","link":"https:\/\/educagri27.fr\/index.php\/contacts\/","title":{"rendered":"Contacts"},"content":{"rendered":"\t\t<div data-elementor-type=\"wp-page\" data-elementor-id=\"335\" class=\"elementor elementor-335\" data-elementor-settings=\"[]\">\n\t\t\t\t\t\t\t<div class=\"elementor-section-wrap\">\n\t\t\t\t\t\t\t<section class=\"elementor-section elementor-top-section elementor-element elementor-element-5deaeff elementor-section-boxed elementor-section-height-default elementor-section-height-default\" data-id=\"5deaeff\" data-element_type=\"section\" data-settings=\"{&quot;jet_parallax_layout_list&quot;:[{&quot;jet_parallax_layout_image&quot;:{&quot;url&quot;:&quot;&quot;,&quot;id&quot;:&quot;&quot;},&quot;_id&quot;:&quot;4eee4a7&quot;,&quot;jet_parallax_layout_image_tablet&quot;:{&quot;url&quot;:&quot;&quot;,&quot;id&quot;:&quot;&quot;},&quot;jet_parallax_layout_image_mobile&quot;:{&quot;url&quot;:&quot;&quot;,&quot;id&quot;:&quot;&quot;},&quot;jet_parallax_layout_speed&quot;:{&quot;unit&quot;:&quot;%&quot;,&quot;size&quot;:50,&quot;sizes&quot;:[]},&quot;jet_parallax_layout_type&quot;:&quot;scroll&quot;,&quot;jet_parallax_layout_direction&quot;:&quot;1&quot;,&quot;jet_parallax_layout_fx_direction&quot;:null,&quot;jet_parallax_layout_z_index&quot;:&quot;&quot;,&quot;jet_parallax_layout_bg_x&quot;:50,&quot;jet_parallax_layout_bg_x_tablet&quot;:&quot;&quot;,&quot;jet_parallax_layout_bg_x_mobile&quot;:&quot;&quot;,&quot;jet_parallax_layout_bg_y&quot;:50,&quot;jet_parallax_layout_bg_y_tablet&quot;:&quot;&quot;,&quot;jet_parallax_layout_bg_y_mobile&quot;:&quot;&quot;,&quot;jet_parallax_layout_bg_size&quot;:&quot;auto&quot;,&quot;jet_parallax_layout_bg_size_tablet&quot;:&quot;&quot;,&quot;jet_parallax_layout_bg_size_mobile&quot;:&quot;&quot;,&quot;jet_parallax_layout_animation_prop&quot;:&quot;transform&quot;,&quot;jet_parallax_layout_on&quot;:[&quot;desktop&quot;,&quot;tablet&quot;]}]}\">\n\t\t\t\t\t\t<div class=\"elementor-container elementor-column-gap-default\">\n\t\t\t\t\t<div class=\"elementor-column elementor-col-100 elementor-top-column elementor-element elementor-element-476370a\" data-id=\"476370a\" data-element_type=\"column\">\n\t\t\t<div class=\"elementor-widget-wrap elementor-element-populated\">\n\t\t\t\t\t\t\t\t<div class=\"elementor-element elementor-element-c6c3279 elementor-widget elementor-widget-heading\" data-id=\"c6c3279\" data-element_type=\"widget\" data-widget_type=\"heading.default\">\n\t\t\t\t<div class=\"elementor-widget-container\">\n\t\t\t<h2 class=\"elementor-heading-title elementor-size-default\">Contacts<\/h2>\t\t<\/div>\n\t\t\t\t<\/div>\n\t\t\t\t\t<\/div>\n\t\t<\/div>\n\t\t\t\t\t\t\t<\/div>\n\t\t<\/section>\n\t\t\t\t<section class=\"elementor-section elementor-top-section elementor-element elementor-element-4c3d334 elementor-section-boxed elementor-section-height-default elementor-section-height-default\" data-id=\"4c3d334\" data-element_type=\"section\" data-settings=\"{&quot;jet_parallax_layout_list&quot;:[{&quot;jet_parallax_layout_image&quot;:{&quot;url&quot;:&quot;&quot;,&quot;id&quot;:&quot;&quot;},&quot;_id&quot;:&quot;95a6546&quot;,&quot;jet_parallax_layout_image_tablet&quot;:{&quot;url&quot;:&quot;&quot;,&quot;id&quot;:&quot;&quot;},&quot;jet_parallax_layout_image_mobile&quot;:{&quot;url&quot;:&quot;&quot;,&quot;id&quot;:&quot;&quot;},&quot;jet_parallax_layout_speed&quot;:{&quot;unit&quot;:&quot;%&quot;,&quot;size&quot;:50,&quot;sizes&quot;:[]},&quot;jet_parallax_layout_type&quot;:&quot;scroll&quot;,&quot;jet_parallax_layout_direction&quot;:&quot;1&quot;,&quot;jet_parallax_layout_fx_direction&quot;:null,&quot;jet_parallax_layout_z_index&quot;:&quot;&quot;,&quot;jet_parallax_layout_bg_x&quot;:50,&quot;jet_parallax_layout_bg_x_tablet&quot;:&quot;&quot;,&quot;jet_parallax_layout_bg_x_mobile&quot;:&quot;&quot;,&quot;jet_parallax_layout_bg_y&quot;:50,&quot;jet_parallax_layout_bg_y_tablet&quot;:&quot;&quot;,&quot;jet_parallax_layout_bg_y_mobile&quot;:&quot;&quot;,&quot;jet_parallax_layout_bg_size&quot;:&quot;auto&quot;,&quot;jet_parallax_layout_bg_size_tablet&quot;:&quot;&quot;,&quot;jet_parallax_layout_bg_size_mobile&quot;:&quot;&quot;,&quot;jet_parallax_layout_animation_prop&quot;:&quot;transform&quot;,&quot;jet_parallax_layout_on&quot;:[&quot;desktop&quot;,&quot;tablet&quot;]}]}\">\n\t\t\t\t\t\t<div class=\"elementor-container elementor-column-gap-default\">\n\t\t\t\t\t<div class=\"elementor-column elementor-col-100 elementor-top-column elementor-element elementor-element-10967f9\" data-id=\"10967f9\" data-element_type=\"column\">\n\t\t\t<div class=\"elementor-widget-wrap elementor-element-populated\">\n\t\t\t\t\t\t\t\t<div class=\"elementor-element elementor-element-1114ad2 elementor-widget elementor-widget-text-editor\" data-id=\"1114ad2\" data-element_type=\"widget\" data-widget_type=\"text-editor.default\">\n\t\t\t\t<div class=\"elementor-widget-container\">\n\t\t\t\t\t\t\t<p style=\"text-align: left;\"><strong><u>LEGTA<\/u><u> E. de Chambray :<\/u><\/strong><\/p><p style=\"padding-left: 80px;\">T\u00e9l : 02.32.35.61.70\u00a0 \u00a0 \u00a0 \u00a0Courriel : <a href=\"mailto:legta.damville@educagri.fr\">legta.damville@educagri.fr<\/a><\/p><p><strong><u>Exploitation\u00a0Agricole de Chambray :<\/u><\/strong><strong>\u00a0\u00a0<\/strong><\/p><p style=\"padding-left: 80px;\">T\u00e9l : 02.32.35.61.70<\/p><p><strong><u>LPA Gilbert Martin :<\/u><\/strong><\/p><p style=\"padding-left: 80px;\">T\u00e9l : 02.32.35.15.80\u00a0 \u00a0 \u00a0 \u00a0Courriel : <a href=\"mailto:lpa.le-neubourg@educagri.fr\">lpa.le-neubourg@educagri.fr<br \/><\/a><u>Service \u00e9ducation et surveillance:<\/u><br \/>T\u00e9l : 02.32.35.66.47 \u00a0\u00a0\u00a0\u00a0\u00a0 Courriel :\u00a0<a href=\"mailto:le-neubourg.vs-legta@educagri.fr\">vs-legta.le-neubourg@educagri.fr<\/a><\/p><p><strong><u>Exploitation\u00a0Agricole du Neubourg :<\/u><\/strong><strong>\u00a0<\/strong><\/p><p style=\"padding-left: 80px;\">T\u00e9l : 02.32.35.66.46\u00a0 \u00a0 \u00a0\u00a0<\/p><p><strong><u>CFA CFPC agricoles de l&#8217;Eure<\/u><\/strong><strong>\u00a0:<\/strong><\/p><p style=\"padding-left: 80px;\">Site du Neubourg : 02.32.35.66.50<\/p><p style=\"padding-left: 80px;\">Site de Chambray (Mesnils-sur-Iton) : 02.32.35.61.94<\/p><p><span style=\"text-decoration: underline;\"><strong>LEGTA\u00a0Edouard de Chambray :<\/strong><\/span><\/p><p style=\"padding-left: 40px;\">Directeur de l&#8217;EPLEFPA de l&#8217;Eure &#8211; Proviseur du LEGTA E. de Chambray :\u00a0<strong>Philippe COMMUN<\/strong><br \/>Directrice-adjointe de l&#8217;EPLEFPA de l&#8217;Eure &#8211; Proviseure-adjointe du LEGTA E. de Chambray : <strong>Florence BRETTE<\/strong><br \/>Secr\u00e9taire G\u00e9n\u00e9rale de l&#8217;EPLEFPA de l&#8217;Eure &#8211; Gestionnaire du LEGTA E. de Chambray :\u00a0<strong>St\u00e9phanie JUILLARD<\/strong><br \/>Directeur d&#8217;exploitation :\u00a0<strong>Patrice DUHAMEL<\/strong><br \/>Conseill\u00e8re Principale d&#8217;Education :\u00a0<strong>C\u00e9line TABAREAU<\/strong><\/p><p><span style=\"text-decoration: underline;\"><strong>LPA Gilbert Martin :<\/strong><\/span><\/p><p style=\"padding-left: 40px;\">Directeur-adjointe de l&#8217;EPLEFPA de l&#8217;Eure &#8211; Proviseur du LPA Gilbert Martin : <strong>Luis DA-COSTA<\/strong><br \/>Gestionnaire : <strong>Christine LIGONNIERE<\/strong><br \/>Directeur d&#8217;exploitation : <strong>Thomas BELLEVILLE<\/strong> <br \/>Conseiller Principal d&#8217;Education :\u00a0<strong>Sylvain HARMAND<\/strong> \u00a0\u00a0 Courriel :<a href=\"mailto:le-neubourg.vs-legta@educagri.fr\"> vs-legta.le-neubourg@educagri.fr<\/a><\/p><p><span style=\"text-decoration: underline;\"><strong>CFA\/CFPC agricoles de l&#8217;Eure :<\/strong><\/span><\/p><p style=\"padding-left: 40px;\">Directrice : Pierrette de SAINT ETIENNE<br \/>Directrice adjointe\u00a0 : Ga\u00eblle MORTREUIL<br \/>Responsable \u00c9ducation &amp; r\u00e9f\u00e9rente handicap : Steffie KAYI<\/p><p><span style=\"text-decoration: underline;\"><em><strong>Secr\u00e9tariat bourse :<\/strong><\/em><\/span><\/p><p style=\"padding-left: 40px;\">Lyc\u00e9e de Chambray :<strong>\u00a0Claire TROPE-KIRECHE<\/strong><br \/>Lyc\u00e9e Gilbert Martin : <strong>Ga\u00eblle LEROY<\/strong><\/p>\t\t\t\t\t\t<\/div>\n\t\t\t\t<\/div>\n\t\t\t\t\t<\/div>\n\t\t<\/div>\n\t\t\t\t\t\t\t<\/div>\n\t\t<\/section>\n\t\t\t\t\t\t<\/div>\n\t\t\t\t\t<\/div>\n\t\t","protected":false},"excerpt":{"rendered":"<p>Contacts LEGTA E. de Chambray : T\u00e9l : 02.32.35.61.70\u00a0 \u00a0 \u00a0 \u00a0Courriel : legta.damville@educagri.fr Exploitation\u00a0Agricole de Chambray :\u00a0\u00a0 T\u00e9l : 02.32.35.61.70 LPA Gilbert Martin : T\u00e9l : 02.32.35.15.80\u00a0 \u00a0 \u00a0 \u00a0Courriel : lpa.le-neubourg@educagri.frService \u00e9ducation et surveillance:T\u00e9l : 02.32.35.66.47 \u00a0\u00a0\u00a0\u00a0\u00a0 Courriel :\u00a0vs-legta.le-neubourg@educagri.fr Exploitation\u00a0Agricole du Neubourg :\u00a0 T\u00e9l : 02.32.35.66.46\u00a0 \u00a0 \u00a0\u00a0 CFA CFPC agricoles de l&#8217;Eure\u00a0: &hellip;<\/p>\n","protected":false},"author":1,"featured_media":0,"parent":0,"menu_order":0,"comment_status":"closed","ping_status":"closed","template":"","meta":{"footnotes":""},"class_list":["post-335","page","type-page","status-publish","hentry","no-thumb"],"_links":{"self":[{"href":"https:\/\/educagri27.fr\/index.php\/wp-json\/wp\/v2\/pages\/335","targetHints":{"allow":["GET"]}}],"collection":[{"href":"https:\/\/educagri27.fr\/index.php\/wp-json\/wp\/v2\/pages"}],"about":[{"href":"https:\/\/educagri27.fr\/index.php\/wp-json\/wp\/v2\/types\/page"}],"author":[{"embeddable":true,"href":"https:\/\/educagri27.fr\/index.php\/wp-json\/wp\/v2\/users\/1"}],"replies":[{"embeddable":true,"href":"https:\/\/educagri27.fr\/index.php\/wp-json\/wp\/v2\/comments?post=335"}],"version-history":[{"count":25,"href":"https:\/\/educagri27.fr\/index.php\/wp-json\/wp\/v2\/pages\/335\/revisions"}],"predecessor-version":[{"id":9544,"href":"https:\/\/educagri27.fr\/index.php\/wp-json\/wp\/v2\/pages\/335\/revisions\/9544"}],"wp:attachment":[{"href":"https:\/\/educagri27.fr\/index.php\/wp-json\/wp\/v2\/media?parent=335"}],"curies":[{"name":"wp","href":"https:\/\/api.w.org\/{rel}","templated":true}]}}