{"id":493,"date":"2021-06-17T15:15:49","date_gmt":"2021-06-17T13:15:49","guid":{"rendered":"https:\/\/epl27.domainedechambray.fr\/?page_id=493"},"modified":"2024-11-15T09:14:14","modified_gmt":"2024-11-15T08:14:14","slug":"comment-vous-inscrire","status":"publish","type":"page","link":"https:\/\/educagri27.fr\/index.php\/comment-vous-inscrire\/","title":{"rendered":"Comment vous inscrire"},"content":{"rendered":"\t\t<div data-elementor-type=\"wp-page\" data-elementor-id=\"493\" class=\"elementor elementor-493\" data-elementor-settings=\"[]\">\n\t\t\t\t\t\t\t<div class=\"elementor-section-wrap\">\n\t\t\t\t\t\t\t<section class=\"elementor-section elementor-top-section elementor-element elementor-element-93dde78 elementor-section-boxed elementor-section-height-default elementor-section-height-default\" data-id=\"93dde78\" data-element_type=\"section\" data-settings=\"{&quot;jet_parallax_layout_list&quot;:[{&quot;jet_parallax_layout_image&quot;:{&quot;url&quot;:&quot;&quot;,&quot;id&quot;:&quot;&quot;},&quot;_id&quot;:&quot;dece299&quot;,&quot;jet_parallax_layout_image_tablet&quot;:{&quot;url&quot;:&quot;&quot;,&quot;id&quot;:&quot;&quot;},&quot;jet_parallax_layout_image_mobile&quot;:{&quot;url&quot;:&quot;&quot;,&quot;id&quot;:&quot;&quot;},&quot;jet_parallax_layout_speed&quot;:{&quot;unit&quot;:&quot;%&quot;,&quot;size&quot;:50,&quot;sizes&quot;:[]},&quot;jet_parallax_layout_type&quot;:&quot;scroll&quot;,&quot;jet_parallax_layout_direction&quot;:&quot;1&quot;,&quot;jet_parallax_layout_fx_direction&quot;:null,&quot;jet_parallax_layout_z_index&quot;:&quot;&quot;,&quot;jet_parallax_layout_bg_x&quot;:50,&quot;jet_parallax_layout_bg_x_tablet&quot;:&quot;&quot;,&quot;jet_parallax_layout_bg_x_mobile&quot;:&quot;&quot;,&quot;jet_parallax_layout_bg_y&quot;:50,&quot;jet_parallax_layout_bg_y_tablet&quot;:&quot;&quot;,&quot;jet_parallax_layout_bg_y_mobile&quot;:&quot;&quot;,&quot;jet_parallax_layout_bg_size&quot;:&quot;auto&quot;,&quot;jet_parallax_layout_bg_size_tablet&quot;:&quot;&quot;,&quot;jet_parallax_layout_bg_size_mobile&quot;:&quot;&quot;,&quot;jet_parallax_layout_animation_prop&quot;:&quot;transform&quot;,&quot;jet_parallax_layout_on&quot;:[&quot;desktop&quot;,&quot;tablet&quot;]}]}\">\n\t\t\t\t\t\t<div class=\"elementor-container elementor-column-gap-default\">\n\t\t\t\t\t<div class=\"elementor-column elementor-col-100 elementor-top-column elementor-element elementor-element-8eda5f8\" data-id=\"8eda5f8\" data-element_type=\"column\">\n\t\t\t<div class=\"elementor-widget-wrap elementor-element-populated\">\n\t\t\t\t\t\t\t\t<div class=\"elementor-element elementor-element-a5e3d9e elementor-widget elementor-widget-heading\" data-id=\"a5e3d9e\" data-element_type=\"widget\" data-widget_type=\"heading.default\">\n\t\t\t\t<div class=\"elementor-widget-container\">\n\t\t\t<h2 class=\"elementor-heading-title elementor-size-default\">Comment vous inscrire au Lyc\u00e9e Gilbert Martin<\/h2>\t\t<\/div>\n\t\t\t\t<\/div>\n\t\t\t\t\t<\/div>\n\t\t<\/div>\n\t\t\t\t\t\t\t<\/div>\n\t\t<\/section>\n\t\t\t\t<section class=\"elementor-section elementor-top-section elementor-element elementor-element-63f79a5 elementor-section-boxed elementor-section-height-default elementor-section-height-default\" data-id=\"63f79a5\" data-element_type=\"section\" data-settings=\"{&quot;jet_parallax_layout_list&quot;:[{&quot;jet_parallax_layout_image&quot;:{&quot;url&quot;:&quot;&quot;,&quot;id&quot;:&quot;&quot;},&quot;_id&quot;:&quot;9e6228b&quot;,&quot;jet_parallax_layout_image_tablet&quot;:{&quot;url&quot;:&quot;&quot;,&quot;id&quot;:&quot;&quot;},&quot;jet_parallax_layout_image_mobile&quot;:{&quot;url&quot;:&quot;&quot;,&quot;id&quot;:&quot;&quot;},&quot;jet_parallax_layout_speed&quot;:{&quot;unit&quot;:&quot;%&quot;,&quot;size&quot;:50,&quot;sizes&quot;:[]},&quot;jet_parallax_layout_type&quot;:&quot;scroll&quot;,&quot;jet_parallax_layout_direction&quot;:&quot;1&quot;,&quot;jet_parallax_layout_fx_direction&quot;:null,&quot;jet_parallax_layout_z_index&quot;:&quot;&quot;,&quot;jet_parallax_layout_bg_x&quot;:50,&quot;jet_parallax_layout_bg_x_tablet&quot;:&quot;&quot;,&quot;jet_parallax_layout_bg_x_mobile&quot;:&quot;&quot;,&quot;jet_parallax_layout_bg_y&quot;:50,&quot;jet_parallax_layout_bg_y_tablet&quot;:&quot;&quot;,&quot;jet_parallax_layout_bg_y_mobile&quot;:&quot;&quot;,&quot;jet_parallax_layout_bg_size&quot;:&quot;auto&quot;,&quot;jet_parallax_layout_bg_size_tablet&quot;:&quot;&quot;,&quot;jet_parallax_layout_bg_size_mobile&quot;:&quot;&quot;,&quot;jet_parallax_layout_animation_prop&quot;:&quot;transform&quot;,&quot;jet_parallax_layout_on&quot;:[&quot;desktop&quot;,&quot;tablet&quot;]}]}\">\n\t\t\t\t\t\t<div class=\"elementor-container elementor-column-gap-default\">\n\t\t\t\t\t<div class=\"elementor-column elementor-col-100 elementor-top-column elementor-element elementor-element-98fde6c\" data-id=\"98fde6c\" data-element_type=\"column\">\n\t\t\t<div class=\"elementor-widget-wrap elementor-element-populated\">\n\t\t\t\t\t\t\t\t<div class=\"elementor-element elementor-element-208d2a4 elementor-widget elementor-widget-text-editor\" data-id=\"208d2a4\" data-element_type=\"widget\" data-widget_type=\"text-editor.default\">\n\t\t\t\t<div class=\"elementor-widget-container\">\n\t\t\t\t\t\t\t<p>Monsieur DA-COSTA, Proviseur du Lyc\u00e9e, sera votre interlocuteur privil\u00e9gi\u00e9 pour vous aider dans vos d\u00e9marches de renseignements et\/ou d\u2019inscriptions.<\/p>\n<h4><strong>Pour s\u2019inscrire en 3\u00e8me de l\u2019Enseignement Agricole&nbsp;:<\/strong><\/h4>\n<p>Le lyc\u00e9e est soumis \u00e0 la proc\u00e9dure d&#8217;orientation classique avec une commission d\u00e9partementale qui statut sur les voeux pour les 3eme pr\u00e9pa-m\u00e9tiers et 3eme de l&#8217;enseignement agricole.<br>Apr\u00e8s avoir pris contact avec l\u2019\u00e9tablissement, un entretien individuel est recommand\u00e9.<br>Des entretiens de recrutement sont men\u00e9s par l\u2019\u00e9quipe p\u00e9dagogique \u00e0 l\u2019occasion des journ\u00e9es Portes-Ouvertes, pour d\u00e9terminer les motivations ainsi que les projets professionnels des jeunes candidats.<\/p>\n<h4><strong>Pour s\u2019inscrire en Seconde Professionnelle \u201cCGEA\u201d ou \u201cMMA\u201d ou <\/strong><strong>en Seconde G\u00e9n\u00e9rale et Technologique&nbsp;:<\/strong><\/h4>\n<p>Le Lyc\u00e9e Gilbert MARTIN est un \u00e9tablissement public d\u00e9pendant de l\u2019Acad\u00e9mie de Rouen. La Seconde g\u00e9n\u00e9rale du Lyc\u00e9e agricole Gilbert MARTIN est identique \u00e0 celle des Lyc\u00e9es de l\u2019\u00c9ducation Nationale. C\u2019est une classe de d\u00e9termination, toutes les orientations sont envisageables \u00e0 l\u2019issue de cette ann\u00e9e \u00e0 la condition d\u2019obtenir des r\u00e9sultats satisfaisants. A ce titre, toute candidature pour une inscription en Seconde professionnelle se concr\u00e9tise par <strong><em>la proc\u00e9dure informatique acad\u00e9mique&nbsp;<u>\u201cAFFELNET\u201d<\/u><\/em><\/strong>.<br>Cette proc\u00e9dure obligatoire est mise en \u0153uvre par votre coll\u00e8ge d\u2019origine, qui a peut \u00eatre fait le choix cette ann\u00e9e d\u2019activer les <strong>T\u00e9l\u00e9service Orientation et Affectation&nbsp;<\/strong>qui permettent aux familles de saisir leurs v\u0153ux (courant Mai).<\/p>\n<p><u>ATTENTION,<\/u>&nbsp;le logiciel effectue un classement des&nbsp; demandes d\u2019affectation des \u00e9l\u00e8ves sur la base des r\u00e9sultats scolaires annuels de la classe de 3\u00e8me. Plus les r\u00e9sultats sont satisfaisants, plus vos chances d\u2019affectation sont grandes.<\/p>\n<p>Les r\u00e9sultats d\u2019affectation seront communiqu\u00e9s fin juin. Le Lyc\u00e9e prendra alors contact avec les familles pour envoyer les dossiers d\u2019inscription.<\/p>\n<h4><strong>Pour s\u2019inscrire en 1\u00e8re du Baccalaur\u00e9at Technologique \u201cSTAV\u201d&nbsp;:<\/strong><\/h4>\n<p>Ce Baccalaur\u00e9at Technologique est accessible apr\u00e8s une classe de Seconde G\u00e9n\u00e9rale.<br>Le Lyc\u00e9e est soumis \u00e0 la proc\u00e9dure d&#8217;orientation classique avec une commission d\u00e9partementale qui statut sur les voeux.<br>Apr\u00e8s avoir pris contact avec l\u2019\u00e9tablissement, un entretien individuel est recommand\u00e9.<\/p>\n<p>Des entretiens de recrutement sont men\u00e9s par l\u2019\u00e9quipe p\u00e9dagogique \u00e0 l\u2019occasion des journ\u00e9es Portes-Ouvertes, pour d\u00e9terminer les motivations ainsi que les projets professionnels des jeunes candidats.<br>Pour appuyer ces entretiens, un dossier de candidature est remis courant Mai \u00e0 chaque famille. Ce dossier, une fois compl\u00e9t\u00e9 sera \u00e0 nous retourner. Une commission se r\u00e9unira &nbsp;pour s\u00e9lectionner les dossiers en fonction de la motivation, du projet professionnel et des r\u00e9sultats des \u00e9l\u00e8ves.<\/p>\n<h4><strong>Pour s\u2019inscrire en Brevet de Technicien Sup\u00e9rieur \u201cGDEA\u201d<\/strong><strong>:<\/strong><\/h4>\n<p>Ce BTS est int\u00e9gr\u00e9 dans la&nbsp;<strong><em>proc\u00e9dure informatique nationale&nbsp;<u>\u201cPARCOURSUP\u201d<\/u>.<\/em><\/strong><strong>&nbsp;<\/strong>Vous devez cr\u00e9er un dossier \u00e9lectronique pendant la p\u00e9riode d\u2019ouverture de la proc\u00e9dure (entre fin janvier et fin mars). La s\u00e9lection des dossiers s\u2019effectuent selon le parcours scolaire de l\u2019\u00e9tudiant ainsi que selon ses r\u00e9sultats scolaires.<\/p>\n<p>Pour conclure, n\u2019h\u00e9sitez pas \u00e0 venir nous rendre visite \u00e0 l\u2019occasion de nos&nbsp;<strong><u>Journ\u00e9es \u201cPortes-Ouvertes\u201d<\/u><\/strong>&nbsp;o\u00f9 l\u2019ensemble des \u00e9quipes administratives et p\u00e9dagogiques sont r\u00e9unies pour vous accueillir et vous apporter tous les renseignements n\u00e9cessaires \u00e0 la construction de votre projet d\u2019orientation au sein de notre \u00e9tablissement.<\/p>\t\t\t\t\t\t<\/div>\n\t\t\t\t<\/div>\n\t\t\t\t\t<\/div>\n\t\t<\/div>\n\t\t\t\t\t\t\t<\/div>\n\t\t<\/section>\n\t\t\t\t\t\t<\/div>\n\t\t\t\t\t<\/div>\n\t\t","protected":false},"excerpt":{"rendered":"<p>Comment vous inscrire au Lyc\u00e9e Gilbert Martin Monsieur DA-COSTA, Proviseur du Lyc\u00e9e, sera votre interlocuteur privil\u00e9gi\u00e9 pour vous aider dans vos d\u00e9marches de renseignements et\/ou d\u2019inscriptions. Pour s\u2019inscrire en 3\u00e8me de l\u2019Enseignement Agricole&nbsp;: Le lyc\u00e9e est soumis \u00e0 la proc\u00e9dure d&#8217;orientation classique avec une commission d\u00e9partementale qui statut sur les voeux pour les 3eme pr\u00e9pa-m\u00e9tiers &hellip;<\/p>\n","protected":false},"author":1,"featured_media":0,"parent":0,"menu_order":0,"comment_status":"closed","ping_status":"closed","template":"","meta":{"footnotes":""},"class_list":["post-493","page","type-page","status-publish","hentry","no-thumb"],"_links":{"self":[{"href":"https:\/\/educagri27.fr\/index.php\/wp-json\/wp\/v2\/pages\/493","targetHints":{"allow":["GET"]}}],"collection":[{"href":"https:\/\/educagri27.fr\/index.php\/wp-json\/wp\/v2\/pages"}],"about":[{"href":"https:\/\/educagri27.fr\/index.php\/wp-json\/wp\/v2\/types\/page"}],"author":[{"embeddable":true,"href":"https:\/\/educagri27.fr\/index.php\/wp-json\/wp\/v2\/users\/1"}],"replies":[{"embeddable":true,"href":"https:\/\/educagri27.fr\/index.php\/wp-json\/wp\/v2\/comments?post=493"}],"version-history":[{"count":0,"href":"https:\/\/educagri27.fr\/index.php\/wp-json\/wp\/v2\/pages\/493\/revisions"}],"wp:attachment":[{"href":"https:\/\/educagri27.fr\/index.php\/wp-json\/wp\/v2\/media?parent=493"}],"curies":[{"name":"wp","href":"https:\/\/api.w.org\/{rel}","templated":true}]}}