{"id":591,"date":"2021-06-21T09:01:15","date_gmt":"2021-06-21T07:01:15","guid":{"rendered":"https:\/\/epl27.domainedechambray.fr\/?page_id=591"},"modified":"2026-04-10T11:50:15","modified_gmt":"2026-04-10T09:50:15","slug":"seconde-generale-et-technologique","status":"publish","type":"page","link":"https:\/\/educagri27.fr\/index.php\/seconde-generale-et-technologique\/","title":{"rendered":"Seconde G\u00e9n\u00e9rale et Technologique au lyc\u00e9e \u00c9douard de Chambray"},"content":{"rendered":"\t\t<div data-elementor-type=\"wp-page\" data-elementor-id=\"591\" class=\"elementor elementor-591\" data-elementor-settings=\"[]\">\n\t\t\t\t\t\t\t<div class=\"elementor-section-wrap\">\n\t\t\t\t\t\t\t<section class=\"elementor-section elementor-top-section elementor-element elementor-element-a1f4f22 elementor-section-boxed elementor-section-height-default elementor-section-height-default\" data-id=\"a1f4f22\" data-element_type=\"section\" data-settings=\"{&quot;jet_parallax_layout_list&quot;:[{&quot;jet_parallax_layout_image&quot;:{&quot;url&quot;:&quot;&quot;,&quot;id&quot;:&quot;&quot;},&quot;_id&quot;:&quot;67c6cfb&quot;,&quot;jet_parallax_layout_image_tablet&quot;:{&quot;url&quot;:&quot;&quot;,&quot;id&quot;:&quot;&quot;},&quot;jet_parallax_layout_image_mobile&quot;:{&quot;url&quot;:&quot;&quot;,&quot;id&quot;:&quot;&quot;},&quot;jet_parallax_layout_speed&quot;:{&quot;unit&quot;:&quot;%&quot;,&quot;size&quot;:50,&quot;sizes&quot;:[]},&quot;jet_parallax_layout_type&quot;:&quot;scroll&quot;,&quot;jet_parallax_layout_direction&quot;:&quot;1&quot;,&quot;jet_parallax_layout_fx_direction&quot;:null,&quot;jet_parallax_layout_z_index&quot;:&quot;&quot;,&quot;jet_parallax_layout_bg_x&quot;:50,&quot;jet_parallax_layout_bg_x_tablet&quot;:&quot;&quot;,&quot;jet_parallax_layout_bg_x_mobile&quot;:&quot;&quot;,&quot;jet_parallax_layout_bg_y&quot;:50,&quot;jet_parallax_layout_bg_y_tablet&quot;:&quot;&quot;,&quot;jet_parallax_layout_bg_y_mobile&quot;:&quot;&quot;,&quot;jet_parallax_layout_bg_size&quot;:&quot;auto&quot;,&quot;jet_parallax_layout_bg_size_tablet&quot;:&quot;&quot;,&quot;jet_parallax_layout_bg_size_mobile&quot;:&quot;&quot;,&quot;jet_parallax_layout_animation_prop&quot;:&quot;transform&quot;,&quot;jet_parallax_layout_on&quot;:[&quot;desktop&quot;,&quot;tablet&quot;]}]}\">\n\t\t\t\t\t\t<div class=\"elementor-container elementor-column-gap-default\">\n\t\t\t\t\t<div class=\"elementor-column elementor-col-100 elementor-top-column elementor-element elementor-element-bb62f8f\" data-id=\"bb62f8f\" data-element_type=\"column\">\n\t\t\t<div class=\"elementor-widget-wrap elementor-element-populated\">\n\t\t\t\t\t\t\t\t<div class=\"elementor-element elementor-element-f171805 elementor-widget elementor-widget-heading\" data-id=\"f171805\" data-element_type=\"widget\" data-widget_type=\"heading.default\">\n\t\t\t\t<div class=\"elementor-widget-container\">\n\t\t\t<h2 class=\"elementor-heading-title elementor-size-default\">Seconde G\u00e9n\u00e9rale et Technologique<\/h2>\t\t<\/div>\n\t\t\t\t<\/div>\n\t\t\t\t\t<\/div>\n\t\t<\/div>\n\t\t\t\t\t\t\t<\/div>\n\t\t<\/section>\n\t\t\t\t<section class=\"elementor-section elementor-top-section elementor-element elementor-element-9c5d7b4 elementor-section-boxed elementor-section-height-default elementor-section-height-default\" data-id=\"9c5d7b4\" data-element_type=\"section\" data-settings=\"{&quot;jet_parallax_layout_list&quot;:[]}\">\n\t\t\t\t\t\t<div class=\"elementor-container elementor-column-gap-default\">\n\t\t\t\t\t<div class=\"elementor-column elementor-col-100 elementor-top-column elementor-element elementor-element-2f25d99\" data-id=\"2f25d99\" data-element_type=\"column\">\n\t\t\t<div class=\"elementor-widget-wrap elementor-element-populated\">\n\t\t\t\t\t\t\t\t<div class=\"elementor-element elementor-element-edaa4ae elementor-widget elementor-widget-text-editor\" data-id=\"edaa4ae\" data-element_type=\"widget\" data-widget_type=\"text-editor.default\">\n\t\t\t\t<div class=\"elementor-widget-container\">\n\t\t\t\t\t\t\t<p>La seconde g\u00e9n\u00e9rale et technologique pr\u00e9pare \u00e0 l\u2019entr\u00e9e en classe de premi\u00e8re :<\/p><ul><li>soit une premi\u00e8re de la voie g\u00e9n\u00e9rale<\/li><li>soit une premi\u00e8re de la voie technologique<\/li><\/ul><p>Au lyc\u00e9e \u00c9douard de Chambray, au terme de son ann\u00e9e de seconde, l\u2019\u00e9l\u00e8ve pourra s\u2019orienter dans une fili\u00e8re \u00e0 dominante scientifique :<\/p><ul><li>de la voie g\u00e9n\u00e9rale :\u00a0<a href=\"https:\/\/educagri27.fr\/index.php\/bac-general-a-dominante-scientifique\/\" target=\"_blank\" rel=\"noopener\">bac g\u00e9n\u00e9ral \u00e0 dominante scientifique<\/a><\/li><li>de la voie technologique :\u00a0<a href=\"https:\/\/educagri27.fr\/index.php\/sciences-et-technologies-de-lagronomie-et-du-vivant\/\" target=\"_blank\" rel=\"noopener\">bac technologique STAV &#8220;Sciences et Technologie de l\u2019Agronomie et du Vivant&#8221;<\/a><\/li><\/ul>\t\t\t\t\t\t<\/div>\n\t\t\t\t<\/div>\n\t\t\t\t\t<\/div>\n\t\t<\/div>\n\t\t\t\t\t\t\t<\/div>\n\t\t<\/section>\n\t\t\t\t<section class=\"elementor-section elementor-top-section elementor-element elementor-element-74126e1 elementor-section-boxed elementor-section-height-default elementor-section-height-default\" data-id=\"74126e1\" data-element_type=\"section\" data-settings=\"{&quot;jet_parallax_layout_list&quot;:[]}\">\n\t\t\t\t\t\t<div class=\"elementor-container elementor-column-gap-default\">\n\t\t\t\t\t<div class=\"elementor-column elementor-col-100 elementor-top-column elementor-element elementor-element-0c6f472\" data-id=\"0c6f472\" data-element_type=\"column\">\n\t\t\t<div class=\"elementor-widget-wrap elementor-element-populated\">\n\t\t\t\t\t\t\t\t<div class=\"elementor-element elementor-element-842b04a elementor-widget elementor-widget-heading\" data-id=\"842b04a\" data-element_type=\"widget\" data-widget_type=\"heading.default\">\n\t\t\t\t<div class=\"elementor-widget-container\">\n\t\t\t<h3 class=\"elementor-heading-title elementor-size-default\">Admission - Aptitudes<\/h3>\t\t<\/div>\n\t\t\t\t<\/div>\n\t\t\t\t\t<\/div>\n\t\t<\/div>\n\t\t\t\t\t\t\t<\/div>\n\t\t<\/section>\n\t\t\t\t<section class=\"elementor-section elementor-top-section elementor-element elementor-element-199d6b4 elementor-section-boxed elementor-section-height-default elementor-section-height-default\" data-id=\"199d6b4\" data-element_type=\"section\" data-settings=\"{&quot;jet_parallax_layout_list&quot;:[]}\">\n\t\t\t\t\t\t<div class=\"elementor-container elementor-column-gap-default\">\n\t\t\t\t\t<div class=\"elementor-column elementor-col-100 elementor-top-column elementor-element elementor-element-fc926c9\" data-id=\"fc926c9\" data-element_type=\"column\">\n\t\t\t<div class=\"elementor-widget-wrap elementor-element-populated\">\n\t\t\t\t\t\t\t\t<div class=\"elementor-element elementor-element-4244c0c elementor-widget elementor-widget-text-editor\" data-id=\"4244c0c\" data-element_type=\"widget\" data-widget_type=\"text-editor.default\">\n\t\t\t\t<div class=\"elementor-widget-container\">\n\t\t\t\t\t\t\t<p>Apr\u00e8s la classe de 3\u00e8me sur avis favorable du conseil de classe du coll\u00e8ge.<br \/>La proc\u00e9dure d\u2019orientation, identique \u00e0 celle de l\u2019\u00c9ducation Nationale, est \u00e0 faire avec le coll\u00e8ge d\u2019origine. Elle s\u2019effectue via les t\u00e9l\u00e9-services \u00ab educonnect \u00bb de la proc\u00e9dure acad\u00e9mique Affelnet.<br \/>La d\u00e9cision d\u2019admission est communiqu\u00e9e au plus tard courant juin par le coll\u00e8ge d\u2019origine.<br \/>Cependant, nous vous invitons \u00e0 prendre contact avec le lyc\u00e9e d\u00e8s le d\u00e9but du 2\u00e8me trimestre pour un entretien ou lors des Journ\u00e9es Portes Ouvertes.<br \/>Un int\u00e9r\u00eat fort pour les sciences de la vie et le D\u00e9veloppement Durable (Biologie-Ecologie) est souhaitable pour le choix de cette orientation.<\/p>\t\t\t\t\t\t<\/div>\n\t\t\t\t<\/div>\n\t\t\t\t\t<\/div>\n\t\t<\/div>\n\t\t\t\t\t\t\t<\/div>\n\t\t<\/section>\n\t\t\t\t<section class=\"elementor-section elementor-top-section elementor-element elementor-element-043132e elementor-section-boxed elementor-section-height-default elementor-section-height-default\" data-id=\"043132e\" data-element_type=\"section\" data-settings=\"{&quot;jet_parallax_layout_list&quot;:[]}\">\n\t\t\t\t\t\t<div class=\"elementor-container elementor-column-gap-default\">\n\t\t\t\t\t<div class=\"elementor-column elementor-col-100 elementor-top-column elementor-element elementor-element-2d9c6e4\" data-id=\"2d9c6e4\" data-element_type=\"column\">\n\t\t\t<div class=\"elementor-widget-wrap elementor-element-populated\">\n\t\t\t\t\t\t\t\t<div class=\"elementor-element elementor-element-ad287ca elementor-widget elementor-widget-heading\" data-id=\"ad287ca\" data-element_type=\"widget\" data-widget_type=\"heading.default\">\n\t\t\t\t<div class=\"elementor-widget-container\">\n\t\t\t<h3 class=\"elementor-heading-title elementor-size-default\">Caract\u00e9ristiques de l\u2019enseignement agricole et du Lyc\u00e9e Edouard de Chambray<\/h3>\t\t<\/div>\n\t\t\t\t<\/div>\n\t\t\t\t\t<\/div>\n\t\t<\/div>\n\t\t\t\t\t\t\t<\/div>\n\t\t<\/section>\n\t\t\t\t<section class=\"elementor-section elementor-top-section elementor-element elementor-element-c11dcaa elementor-section-boxed elementor-section-height-default elementor-section-height-default\" data-id=\"c11dcaa\" data-element_type=\"section\" data-settings=\"{&quot;jet_parallax_layout_list&quot;:[]}\">\n\t\t\t\t\t\t<div class=\"elementor-container elementor-column-gap-default\">\n\t\t\t\t\t<div class=\"elementor-column elementor-col-100 elementor-top-column elementor-element elementor-element-243c200\" data-id=\"243c200\" data-element_type=\"column\">\n\t\t\t<div class=\"elementor-widget-wrap elementor-element-populated\">\n\t\t\t\t\t\t\t\t<div class=\"elementor-element elementor-element-94dabdd elementor-widget elementor-widget-text-editor\" data-id=\"94dabdd\" data-element_type=\"widget\" data-widget_type=\"text-editor.default\">\n\t\t\t\t<div class=\"elementor-widget-container\">\n\t\t\t\t\t\t\t<ul><li>Des \u00e9tablissements de taille humaine.<\/li><li>L\u2019enseignement optionnel EATDD qui s\u2019appuie sur les ressources du terrain et du domaine de\u00a0Chambray et qui comporte de nombreuses sorties p\u00e9dagogiques et contacts avec les acteurs locaux.<\/li><li>Mise en place de la classe autonome et classe flexible<\/li><li>Mise en place d\u2019ateliers CPS<\/li><li>Le d\u00e9veloppement \u00e0 l\u2019ouverture culturelle (sorties th\u00e9\u00e2tre, concerts, ateliers artistiques, actions lyc\u00e9ens au cin\u00e9ma, \u2026), la promotion des activit\u00e9s sportives et le d\u00e9veloppement de l\u2019\u00e9ducation \u00e0 l\u2019environnement sont des axes forts de notre enseignement.<\/li><li>L\u2019exploitation agricole qui est un support p\u00e9dagogique fort des lyc\u00e9es agricoles, ainsi que les\u00a0mini-stages effectu\u00e9s en Seconde<\/li><\/ul>\t\t\t\t\t\t<\/div>\n\t\t\t\t<\/div>\n\t\t\t\t\t<\/div>\n\t\t<\/div>\n\t\t\t\t\t\t\t<\/div>\n\t\t<\/section>\n\t\t\t\t<section class=\"elementor-section elementor-top-section elementor-element elementor-element-1187c3f elementor-section-boxed elementor-section-height-default elementor-section-height-default\" data-id=\"1187c3f\" data-element_type=\"section\" data-settings=\"{&quot;jet_parallax_layout_list&quot;:[]}\">\n\t\t\t\t\t\t<div class=\"elementor-container elementor-column-gap-default\">\n\t\t\t\t\t<div class=\"elementor-column elementor-col-100 elementor-top-column elementor-element elementor-element-4112a4c\" data-id=\"4112a4c\" data-element_type=\"column\">\n\t\t\t<div class=\"elementor-widget-wrap elementor-element-populated\">\n\t\t\t\t\t\t\t\t<div class=\"elementor-element elementor-element-358c87e elementor-widget elementor-widget-heading\" data-id=\"358c87e\" data-element_type=\"widget\" data-widget_type=\"heading.default\">\n\t\t\t\t<div class=\"elementor-widget-container\">\n\t\t\t<h3 class=\"elementor-heading-title elementor-size-default\">Contenu de la formation<\/h3>\t\t<\/div>\n\t\t\t\t<\/div>\n\t\t\t\t\t<\/div>\n\t\t<\/div>\n\t\t\t\t\t\t\t<\/div>\n\t\t<\/section>\n\t\t\t\t<section class=\"elementor-section elementor-top-section elementor-element elementor-element-472518d elementor-section-boxed elementor-section-height-default elementor-section-height-default\" data-id=\"472518d\" data-element_type=\"section\" data-settings=\"{&quot;jet_parallax_layout_list&quot;:[]}\">\n\t\t\t\t\t\t<div class=\"elementor-container elementor-column-gap-default\">\n\t\t\t\t\t<div class=\"elementor-column elementor-col-100 elementor-top-column elementor-element elementor-element-7f7e665\" data-id=\"7f7e665\" data-element_type=\"column\">\n\t\t\t<div class=\"elementor-widget-wrap elementor-element-populated\">\n\t\t\t\t\t\t\t\t<div class=\"elementor-element elementor-element-c9ef8e7 elementor-widget elementor-widget-text-editor\" data-id=\"c9ef8e7\" data-element_type=\"widget\" data-widget_type=\"text-editor.default\">\n\t\t\t\t<div class=\"elementor-widget-container\">\n\t\t\t\t\t\t\t<p>Identique \u00e0 celui des classes de l\u2019\u00c9ducation Nationale pour les enseignements obligatoires.<br><\/p><p>Au niveau des enseignements optionnels :<\/p>\n<ul>\n<li>\u00c9cologie, agronomie, territoire et d\u00e9veloppement durable : EATDD (enseignement optionnel g\u00e9n\u00e9ral).<\/li>\n<li><a href=\"http:\/\/educagri27.fr\/index.php\/option-hippologie-equitation\/\" target=\"_blank\" rel=\"noopener\">Hippologie-\u00e9quitation<\/a><\/li>\n<li><a href=\"https:\/\/educagri27.fr\/index.php\/option-vtt\/\" target=\"_blank\" rel=\"noopener\">VTT<\/a><\/li>\n<li><a href=\"https:\/\/educagri27.fr\/index.php\/section-europeenne-anglais\/\" target=\"_blank\" rel=\"noopener\">Section Euro Anglais \/ Histoire G\u00e9ographie<\/a><\/li>\n<li><a href=\"https:\/\/educagri27.fr\/index.php\/section-sportive-rugby\/\" target=\"_blank\" rel=\"noopener\">Section Sportive de l\u2019Enseignement Agricole Rugby &#8211; Biqualification arbitrage<\/a><\/li>\n<\/ul>\t\t\t\t\t\t<\/div>\n\t\t\t\t<\/div>\n\t\t\t\t\t<\/div>\n\t\t<\/div>\n\t\t\t\t\t\t\t<\/div>\n\t\t<\/section>\n\t\t\t\t<section class=\"elementor-section elementor-top-section elementor-element elementor-element-4062eff elementor-section-boxed elementor-section-height-default elementor-section-height-default\" data-id=\"4062eff\" data-element_type=\"section\" data-settings=\"{&quot;jet_parallax_layout_list&quot;:[]}\">\n\t\t\t\t\t\t<div class=\"elementor-container elementor-column-gap-default\">\n\t\t\t\t\t<div class=\"elementor-column elementor-col-100 elementor-top-column elementor-element elementor-element-f3f53ce\" data-id=\"f3f53ce\" data-element_type=\"column\">\n\t\t\t<div class=\"elementor-widget-wrap elementor-element-populated\">\n\t\t\t\t\t\t\t\t<div class=\"elementor-element elementor-element-db5a464 elementor-widget elementor-widget-image\" data-id=\"db5a464\" data-element_type=\"widget\" data-widget_type=\"image.default\">\n\t\t\t\t<div class=\"elementor-widget-container\">\n\t\t\t\t\t\t\t\t\t\t\t\t\t\t\t<img loading=\"lazy\" decoding=\"async\" width=\"1086\" height=\"1536\" src=\"https:\/\/educagri27.fr\/wp-content\/uploads\/2026\/04\/PLAQUETTE-CHAMBRAY-SECONDAIRE-Rentree-2026-2-1086x1536.png\" class=\"attachment-1536x1536 size-1536x1536\" alt=\"\" srcset=\"https:\/\/educagri27.fr\/wp-content\/uploads\/2026\/04\/PLAQUETTE-CHAMBRAY-SECONDAIRE-Rentree-2026-2-1086x1536.png 1086w, https:\/\/educagri27.fr\/wp-content\/uploads\/2026\/04\/PLAQUETTE-CHAMBRAY-SECONDAIRE-Rentree-2026-2-212x300.png 212w, https:\/\/educagri27.fr\/wp-content\/uploads\/2026\/04\/PLAQUETTE-CHAMBRAY-SECONDAIRE-Rentree-2026-2-724x1024.png 724w, https:\/\/educagri27.fr\/wp-content\/uploads\/2026\/04\/PLAQUETTE-CHAMBRAY-SECONDAIRE-Rentree-2026-2-768x1086.png 768w, https:\/\/educagri27.fr\/wp-content\/uploads\/2026\/04\/PLAQUETTE-CHAMBRAY-SECONDAIRE-Rentree-2026-2-560x792.png 560w, https:\/\/educagri27.fr\/wp-content\/uploads\/2026\/04\/PLAQUETTE-CHAMBRAY-SECONDAIRE-Rentree-2026-2.png 1190w\" sizes=\"auto, (max-width: 1086px) 100vw, 1086px\" \/>\t\t\t\t\t\t\t\t\t\t\t\t\t\t\t<\/div>\n\t\t\t\t<\/div>\n\t\t\t\t\t<\/div>\n\t\t<\/div>\n\t\t\t\t\t\t\t<\/div>\n\t\t<\/section>\n\t\t\t\t\t\t<\/div>\n\t\t\t\t\t<\/div>\n\t\t","protected":false},"excerpt":{"rendered":"<p>Seconde G\u00e9n\u00e9rale et Technologique La seconde g\u00e9n\u00e9rale et technologique pr\u00e9pare \u00e0 l\u2019entr\u00e9e en classe de premi\u00e8re : soit une premi\u00e8re de la voie g\u00e9n\u00e9rale soit une premi\u00e8re de la voie technologique Au lyc\u00e9e \u00c9douard de Chambray, au terme de son ann\u00e9e de seconde, l\u2019\u00e9l\u00e8ve pourra s\u2019orienter dans une fili\u00e8re \u00e0 dominante scientifique : de la &hellip;<\/p>\n","protected":false},"author":1,"featured_media":0,"parent":0,"menu_order":0,"comment_status":"closed","ping_status":"closed","template":"","meta":{"footnotes":""},"class_list":["post-591","page","type-page","status-publish","hentry","no-thumb"],"_links":{"self":[{"href":"https:\/\/educagri27.fr\/index.php\/wp-json\/wp\/v2\/pages\/591","targetHints":{"allow":["GET"]}}],"collection":[{"href":"https:\/\/educagri27.fr\/index.php\/wp-json\/wp\/v2\/pages"}],"about":[{"href":"https:\/\/educagri27.fr\/index.php\/wp-json\/wp\/v2\/types\/page"}],"author":[{"embeddable":true,"href":"https:\/\/educagri27.fr\/index.php\/wp-json\/wp\/v2\/users\/1"}],"replies":[{"embeddable":true,"href":"https:\/\/educagri27.fr\/index.php\/wp-json\/wp\/v2\/comments?post=591"}],"version-history":[{"count":15,"href":"https:\/\/educagri27.fr\/index.php\/wp-json\/wp\/v2\/pages\/591\/revisions"}],"predecessor-version":[{"id":9526,"href":"https:\/\/educagri27.fr\/index.php\/wp-json\/wp\/v2\/pages\/591\/revisions\/9526"}],"wp:attachment":[{"href":"https:\/\/educagri27.fr\/index.php\/wp-json\/wp\/v2\/media?parent=591"}],"curies":[{"name":"wp","href":"https:\/\/api.w.org\/{rel}","templated":true}]}}