{"id":6276,"date":"2024-04-05T14:07:19","date_gmt":"2024-04-05T12:07:19","guid":{"rendered":"https:\/\/educagri27.fr\/?page_id=6276"},"modified":"2026-02-10T16:10:16","modified_gmt":"2026-02-10T15:10:16","slug":"bts-analyse-conduite-et-strategie-de-lentreprise-agricole","status":"publish","type":"page","link":"https:\/\/educagri27.fr\/index.php\/bts-analyse-conduite-et-strategie-de-lentreprise-agricole\/","title":{"rendered":"BTS Analyse, Conduite et Strat\u00e9gie de l&#8217;Entreprise agricole"},"content":{"rendered":"\t\t<div data-elementor-type=\"wp-page\" data-elementor-id=\"6276\" class=\"elementor elementor-6276\" data-elementor-settings=\"[]\">\n\t\t\t\t\t\t\t<div class=\"elementor-section-wrap\">\n\t\t\t\t\t\t\t<section class=\"elementor-section elementor-top-section elementor-element elementor-element-4e5bf23 elementor-section-boxed elementor-section-height-default elementor-section-height-default\" data-id=\"4e5bf23\" data-element_type=\"section\" data-settings=\"{&quot;jet_parallax_layout_list&quot;:[{&quot;jet_parallax_layout_image&quot;:{&quot;url&quot;:&quot;&quot;,&quot;id&quot;:&quot;&quot;},&quot;_id&quot;:&quot;cdd541d&quot;,&quot;jet_parallax_layout_image_tablet&quot;:{&quot;url&quot;:&quot;&quot;,&quot;id&quot;:&quot;&quot;},&quot;jet_parallax_layout_image_mobile&quot;:{&quot;url&quot;:&quot;&quot;,&quot;id&quot;:&quot;&quot;},&quot;jet_parallax_layout_speed&quot;:{&quot;unit&quot;:&quot;%&quot;,&quot;size&quot;:50,&quot;sizes&quot;:[]},&quot;jet_parallax_layout_type&quot;:&quot;scroll&quot;,&quot;jet_parallax_layout_direction&quot;:&quot;1&quot;,&quot;jet_parallax_layout_fx_direction&quot;:null,&quot;jet_parallax_layout_z_index&quot;:&quot;&quot;,&quot;jet_parallax_layout_bg_x&quot;:50,&quot;jet_parallax_layout_bg_x_tablet&quot;:&quot;&quot;,&quot;jet_parallax_layout_bg_x_mobile&quot;:&quot;&quot;,&quot;jet_parallax_layout_bg_y&quot;:50,&quot;jet_parallax_layout_bg_y_tablet&quot;:&quot;&quot;,&quot;jet_parallax_layout_bg_y_mobile&quot;:&quot;&quot;,&quot;jet_parallax_layout_bg_size&quot;:&quot;auto&quot;,&quot;jet_parallax_layout_bg_size_tablet&quot;:&quot;&quot;,&quot;jet_parallax_layout_bg_size_mobile&quot;:&quot;&quot;,&quot;jet_parallax_layout_animation_prop&quot;:&quot;transform&quot;,&quot;jet_parallax_layout_on&quot;:[&quot;desktop&quot;,&quot;tablet&quot;]}]}\">\n\t\t\t\t\t\t<div class=\"elementor-container elementor-column-gap-default\">\n\t\t\t\t\t<div class=\"elementor-column elementor-col-100 elementor-top-column elementor-element elementor-element-a8bd245\" data-id=\"a8bd245\" data-element_type=\"column\">\n\t\t\t<div class=\"elementor-widget-wrap elementor-element-populated\">\n\t\t\t\t\t\t\t\t<div class=\"elementor-element elementor-element-ec27591 elementor-widget elementor-widget-heading\" data-id=\"ec27591\" data-element_type=\"widget\" data-widget_type=\"heading.default\">\n\t\t\t\t<div class=\"elementor-widget-container\">\n\t\t\t<h2 class=\"elementor-heading-title elementor-size-default\">BTS Analyse, Conduite et Strat\u00e9gie de l'Entreprise agricole <\/h2>\t\t<\/div>\n\t\t\t\t<\/div>\n\t\t\t\t\t<\/div>\n\t\t<\/div>\n\t\t\t\t\t\t\t<\/div>\n\t\t<\/section>\n\t\t\t\t<section class=\"elementor-section elementor-top-section elementor-element elementor-element-4913712 elementor-section-boxed elementor-section-height-default elementor-section-height-default\" data-id=\"4913712\" data-element_type=\"section\" data-settings=\"{&quot;jet_parallax_layout_list&quot;:[{&quot;jet_parallax_layout_image&quot;:{&quot;url&quot;:&quot;&quot;,&quot;id&quot;:&quot;&quot;},&quot;_id&quot;:&quot;68c9862&quot;,&quot;jet_parallax_layout_image_tablet&quot;:{&quot;url&quot;:&quot;&quot;,&quot;id&quot;:&quot;&quot;},&quot;jet_parallax_layout_image_mobile&quot;:{&quot;url&quot;:&quot;&quot;,&quot;id&quot;:&quot;&quot;},&quot;jet_parallax_layout_speed&quot;:{&quot;unit&quot;:&quot;%&quot;,&quot;size&quot;:50,&quot;sizes&quot;:[]},&quot;jet_parallax_layout_type&quot;:&quot;scroll&quot;,&quot;jet_parallax_layout_direction&quot;:&quot;1&quot;,&quot;jet_parallax_layout_fx_direction&quot;:null,&quot;jet_parallax_layout_z_index&quot;:&quot;&quot;,&quot;jet_parallax_layout_bg_x&quot;:50,&quot;jet_parallax_layout_bg_x_tablet&quot;:&quot;&quot;,&quot;jet_parallax_layout_bg_x_mobile&quot;:&quot;&quot;,&quot;jet_parallax_layout_bg_y&quot;:50,&quot;jet_parallax_layout_bg_y_tablet&quot;:&quot;&quot;,&quot;jet_parallax_layout_bg_y_mobile&quot;:&quot;&quot;,&quot;jet_parallax_layout_bg_size&quot;:&quot;auto&quot;,&quot;jet_parallax_layout_bg_size_tablet&quot;:&quot;&quot;,&quot;jet_parallax_layout_bg_size_mobile&quot;:&quot;&quot;,&quot;jet_parallax_layout_animation_prop&quot;:&quot;transform&quot;,&quot;jet_parallax_layout_on&quot;:[&quot;desktop&quot;,&quot;tablet&quot;]}]}\">\n\t\t\t\t\t\t<div class=\"elementor-container elementor-column-gap-default\">\n\t\t\t\t\t<div class=\"elementor-column elementor-col-100 elementor-top-column elementor-element elementor-element-b3c5652\" data-id=\"b3c5652\" data-element_type=\"column\">\n\t\t\t<div class=\"elementor-widget-wrap elementor-element-populated\">\n\t\t\t\t\t\t\t\t<div class=\"elementor-element elementor-element-a89660e elementor-widget elementor-widget-image\" data-id=\"a89660e\" data-element_type=\"widget\" data-widget_type=\"image.default\">\n\t\t\t\t<div class=\"elementor-widget-container\">\n\t\t\t\t\t\t\t\t\t\t\t\t\t\t\t<img decoding=\"async\" src=\"https:\/\/educagri27.fr\/wp-content\/uploads\/elementor\/thumbs\/young-farmer-taking-care-of-his-business-1-scaled-e1712316941895-rbskeu5n2ioa8je2ndmuqf8m51qj007lj4j9xh2dh4.jpg\" title=\"Talking on the phone and pointing away\" alt=\"Talking on the phone and pointing away\" \/>\t\t\t\t\t\t\t\t\t\t\t\t\t\t\t<\/div>\n\t\t\t\t<\/div>\n\t\t\t\t\t<\/div>\n\t\t<\/div>\n\t\t\t\t\t\t\t<\/div>\n\t\t<\/section>\n\t\t\t\t<section class=\"elementor-section elementor-top-section elementor-element elementor-element-c9ca861 elementor-section-boxed elementor-section-height-default elementor-section-height-default\" data-id=\"c9ca861\" data-element_type=\"section\" data-settings=\"{&quot;jet_parallax_layout_list&quot;:[{&quot;jet_parallax_layout_image&quot;:{&quot;url&quot;:&quot;&quot;,&quot;id&quot;:&quot;&quot;},&quot;_id&quot;:&quot;38147b3&quot;,&quot;jet_parallax_layout_image_tablet&quot;:{&quot;url&quot;:&quot;&quot;,&quot;id&quot;:&quot;&quot;},&quot;jet_parallax_layout_image_mobile&quot;:{&quot;url&quot;:&quot;&quot;,&quot;id&quot;:&quot;&quot;},&quot;jet_parallax_layout_speed&quot;:{&quot;unit&quot;:&quot;%&quot;,&quot;size&quot;:50,&quot;sizes&quot;:[]},&quot;jet_parallax_layout_type&quot;:&quot;scroll&quot;,&quot;jet_parallax_layout_direction&quot;:&quot;1&quot;,&quot;jet_parallax_layout_fx_direction&quot;:null,&quot;jet_parallax_layout_z_index&quot;:&quot;&quot;,&quot;jet_parallax_layout_bg_x&quot;:50,&quot;jet_parallax_layout_bg_x_tablet&quot;:&quot;&quot;,&quot;jet_parallax_layout_bg_x_mobile&quot;:&quot;&quot;,&quot;jet_parallax_layout_bg_y&quot;:50,&quot;jet_parallax_layout_bg_y_tablet&quot;:&quot;&quot;,&quot;jet_parallax_layout_bg_y_mobile&quot;:&quot;&quot;,&quot;jet_parallax_layout_bg_size&quot;:&quot;auto&quot;,&quot;jet_parallax_layout_bg_size_tablet&quot;:&quot;&quot;,&quot;jet_parallax_layout_bg_size_mobile&quot;:&quot;&quot;,&quot;jet_parallax_layout_animation_prop&quot;:&quot;transform&quot;,&quot;jet_parallax_layout_on&quot;:[&quot;desktop&quot;,&quot;tablet&quot;]}]}\">\n\t\t\t\t\t\t<div class=\"elementor-container elementor-column-gap-default\">\n\t\t\t\t\t<div class=\"elementor-column elementor-col-100 elementor-top-column elementor-element elementor-element-05e691e\" data-id=\"05e691e\" data-element_type=\"column\">\n\t\t\t<div class=\"elementor-widget-wrap elementor-element-populated\">\n\t\t\t\t\t\t\t\t<div class=\"elementor-element elementor-element-d70eafd elementor-widget elementor-widget-text-editor\" data-id=\"d70eafd\" data-element_type=\"widget\" data-widget_type=\"text-editor.default\">\n\t\t\t\t<div class=\"elementor-widget-container\">\n\t\t\t\t\t\t\t<p><span style=\"font-weight: bold;\">Objectifs de formation<\/span><\/p><p><span style=\"color: var( --e-global-color-text ); letter-spacing: 0em;\">Former des professionnels de l\u2019environnement \u00e9conomique, social et juridique des entreprises agricoles.<\/span><\/p><p><span style=\"color: var( --e-global-color-text ); letter-spacing: 0em;\"><br><\/span><\/p>\n<p><\/p>\n<p><b>Insertion professionnelle<\/b><\/p>\n<p>Chef d&#8217;exploitation, conseiller, technicien agricole, assistant client\u00e8le, formateur,&nbsp;<span style=\"color: var( --e-global-color-text ); font-family: var( --e-global-typography-text-font-family ), Sans-serif; font-weight: var( --e-global-typography-text-font-weight ); letter-spacing: 0em;\">responsable de magasin ou d\u2019unit\u00e9 d\u2019approvisionnement.<\/span><\/p><p><span style=\"color: var( --e-global-color-text ); font-family: var( --e-global-typography-text-font-family ), Sans-serif; font-weight: var( --e-global-typography-text-font-weight ); letter-spacing: 0em;\"><br><\/span><\/p>\n<p><\/p>\n<p><b>Poursuite d&#8217;\u00e9tudes&nbsp;<\/b><\/p>\n<p>Licence pro agronomie, Licence pro management, Licence pro productions&nbsp;<span style=\"color: var( --e-global-color-text ); font-family: var( --e-global-typography-text-font-family ), Sans-serif; font-weight: var( --e-global-typography-text-font-weight ); letter-spacing: 0em;\">v\u00e9g\u00e9tales, CS Responsable Technico-Commercial.<\/span><\/p><p><b style=\"color: var( --e-global-color-text ); font-family: var( --e-global-typography-text-font-family ), Sans-serif; letter-spacing: 0em;\"><br><\/b><\/p><p><b style=\"color: var( --e-global-color-text ); font-family: var( --e-global-typography-text-font-family ), Sans-serif; letter-spacing: 0em;\">Admission\/Pr\u00e9requis (selon la proc\u00e9dure nationale)<\/b><\/p><p><span style=\"color: var( --e-global-color-text ); font-family: var( --e-global-typography-text-font-family ), Sans-serif; font-weight: var( --e-global-typography-text-font-weight ); letter-spacing: 0em;\">\u2022 Parcoursup : via le site internet www.parcoursup.fr de janvier \u00e0 mars pour&nbsp;<\/span><span style=\"color: var( --e-global-color-text ); font-family: var( --e-global-typography-text-font-family ), Sans-serif; font-weight: var( --e-global-typography-text-font-weight ); letter-spacing: 0em;\">les entr\u00e9es en CFA<\/span><\/p><p><span style=\"color: var( --e-global-color-text ); letter-spacing: 0em;\">\u2022 Admission hors parcoursup est possible pour les candidats non scolaris\u00e9s<\/span><\/p><p><i style=\"color: var( --e-global-color-text ); letter-spacing: 0em;\">S\u00e9lection des candidats par entretien individuel&nbsp;<\/i><\/p><p><span style=\"color: var( --e-global-color-text ); letter-spacing: 0em;\">\u2022 v\u00e9rification des pr\u00e9requis, analyse des motivations et du projet professionnel<\/span><\/p><p><span style=\"color: var( --e-global-color-text ); letter-spacing: 0em;\">\u2022 \u00catre \u00e2g\u00e9 de 16 \u00e0 29 ans, demandeurs d\u2019emploi ou salari\u00e9s<\/span><\/p><p><span style=\"color: var( --e-global-color-text ); letter-spacing: 0em;\">\u2022 \u00catre titulaire d\u2019un baccalaur\u00e9at g\u00e9n\u00e9ral, technologique ou professionnel<\/span><\/p><p><span style=\"color: var( --e-global-color-text ); letter-spacing: 0em;\">\u2022 Entr\u00e9e en formation effective apr\u00e8s la signature d\u2019un contrat d\u2019apprentissage<\/span><\/p><p><span style=\"color: var( --e-global-color-text ); letter-spacing: 0em;\"><br><\/span><\/p>\n<p><\/p>\n<p style=\"margin-bottom: 25px;\"><span style=\"font-weight: bold;\">Type de contrat&nbsp;<\/span><br>Les candidats signent un contrat d\u2019apprentissage. Ils sont r\u00e9mun\u00e9r\u00e9s par l\u2019entreprise sur<br>la base d\u2019un pourcentage du SMIC variant en fonction de l\u2019\u00e2ge et de l\u2019ann\u00e9e de formation.<\/p>\t\t\t\t\t\t<\/div>\n\t\t\t\t<\/div>\n\t\t\t\t\t<\/div>\n\t\t<\/div>\n\t\t\t\t\t\t\t<\/div>\n\t\t<\/section>\n\t\t\t\t<section class=\"elementor-section elementor-top-section elementor-element elementor-element-f80cf11 elementor-section-boxed elementor-section-height-default elementor-section-height-default\" data-id=\"f80cf11\" data-element_type=\"section\" data-settings=\"{&quot;jet_parallax_layout_list&quot;:[{&quot;jet_parallax_layout_image&quot;:{&quot;url&quot;:&quot;&quot;,&quot;id&quot;:&quot;&quot;},&quot;_id&quot;:&quot;e657397&quot;,&quot;jet_parallax_layout_image_tablet&quot;:{&quot;url&quot;:&quot;&quot;,&quot;id&quot;:&quot;&quot;},&quot;jet_parallax_layout_image_mobile&quot;:{&quot;url&quot;:&quot;&quot;,&quot;id&quot;:&quot;&quot;},&quot;jet_parallax_layout_speed&quot;:{&quot;unit&quot;:&quot;%&quot;,&quot;size&quot;:50,&quot;sizes&quot;:[]},&quot;jet_parallax_layout_type&quot;:&quot;scroll&quot;,&quot;jet_parallax_layout_direction&quot;:&quot;1&quot;,&quot;jet_parallax_layout_fx_direction&quot;:null,&quot;jet_parallax_layout_z_index&quot;:&quot;&quot;,&quot;jet_parallax_layout_bg_x&quot;:50,&quot;jet_parallax_layout_bg_x_tablet&quot;:&quot;&quot;,&quot;jet_parallax_layout_bg_x_mobile&quot;:&quot;&quot;,&quot;jet_parallax_layout_bg_y&quot;:50,&quot;jet_parallax_layout_bg_y_tablet&quot;:&quot;&quot;,&quot;jet_parallax_layout_bg_y_mobile&quot;:&quot;&quot;,&quot;jet_parallax_layout_bg_size&quot;:&quot;auto&quot;,&quot;jet_parallax_layout_bg_size_tablet&quot;:&quot;&quot;,&quot;jet_parallax_layout_bg_size_mobile&quot;:&quot;&quot;,&quot;jet_parallax_layout_animation_prop&quot;:&quot;transform&quot;,&quot;jet_parallax_layout_on&quot;:[&quot;desktop&quot;,&quot;tablet&quot;]}]}\">\n\t\t\t\t\t\t<div class=\"elementor-container elementor-column-gap-default\">\n\t\t\t\t\t<div class=\"elementor-column elementor-col-100 elementor-top-column elementor-element elementor-element-e3a1e5f\" data-id=\"e3a1e5f\" data-element_type=\"column\">\n\t\t\t<div class=\"elementor-widget-wrap elementor-element-populated\">\n\t\t\t\t\t\t\t\t<div class=\"elementor-element elementor-element-3c39ba7 elementor-widget elementor-widget-image\" data-id=\"3c39ba7\" data-element_type=\"widget\" data-widget_type=\"image.default\">\n\t\t\t\t<div class=\"elementor-widget-container\">\n\t\t\t\t\t\t\t\t\t\t\t\t\t\t\t<img loading=\"lazy\" decoding=\"async\" width=\"785\" height=\"503\" src=\"https:\/\/educagri27.fr\/wp-content\/uploads\/2024\/04\/salaire-apprenti.jpg\" class=\"attachment-large size-large\" alt=\"\" srcset=\"https:\/\/educagri27.fr\/wp-content\/uploads\/2024\/04\/salaire-apprenti.jpg 785w, https:\/\/educagri27.fr\/wp-content\/uploads\/2024\/04\/salaire-apprenti-300x192.jpg 300w, https:\/\/educagri27.fr\/wp-content\/uploads\/2024\/04\/salaire-apprenti-768x492.jpg 768w, https:\/\/educagri27.fr\/wp-content\/uploads\/2024\/04\/salaire-apprenti-560x359.jpg 560w\" sizes=\"auto, (max-width: 785px) 100vw, 785px\" \/>\t\t\t\t\t\t\t\t\t\t\t\t\t\t\t<\/div>\n\t\t\t\t<\/div>\n\t\t\t\t\t<\/div>\n\t\t<\/div>\n\t\t\t\t\t\t\t<\/div>\n\t\t<\/section>\n\t\t\t\t<section class=\"elementor-section elementor-top-section elementor-element elementor-element-da0d5bc elementor-section-boxed elementor-section-height-default elementor-section-height-default\" data-id=\"da0d5bc\" data-element_type=\"section\" data-settings=\"{&quot;jet_parallax_layout_list&quot;:[{&quot;jet_parallax_layout_image&quot;:{&quot;url&quot;:&quot;&quot;,&quot;id&quot;:&quot;&quot;},&quot;_id&quot;:&quot;c1172f8&quot;,&quot;jet_parallax_layout_image_tablet&quot;:{&quot;url&quot;:&quot;&quot;,&quot;id&quot;:&quot;&quot;},&quot;jet_parallax_layout_image_mobile&quot;:{&quot;url&quot;:&quot;&quot;,&quot;id&quot;:&quot;&quot;},&quot;jet_parallax_layout_speed&quot;:{&quot;unit&quot;:&quot;%&quot;,&quot;size&quot;:50,&quot;sizes&quot;:[]},&quot;jet_parallax_layout_type&quot;:&quot;scroll&quot;,&quot;jet_parallax_layout_direction&quot;:&quot;1&quot;,&quot;jet_parallax_layout_fx_direction&quot;:null,&quot;jet_parallax_layout_z_index&quot;:&quot;&quot;,&quot;jet_parallax_layout_bg_x&quot;:50,&quot;jet_parallax_layout_bg_x_tablet&quot;:&quot;&quot;,&quot;jet_parallax_layout_bg_x_mobile&quot;:&quot;&quot;,&quot;jet_parallax_layout_bg_y&quot;:50,&quot;jet_parallax_layout_bg_y_tablet&quot;:&quot;&quot;,&quot;jet_parallax_layout_bg_y_mobile&quot;:&quot;&quot;,&quot;jet_parallax_layout_bg_size&quot;:&quot;auto&quot;,&quot;jet_parallax_layout_bg_size_tablet&quot;:&quot;&quot;,&quot;jet_parallax_layout_bg_size_mobile&quot;:&quot;&quot;,&quot;jet_parallax_layout_animation_prop&quot;:&quot;transform&quot;,&quot;jet_parallax_layout_on&quot;:[&quot;desktop&quot;,&quot;tablet&quot;]}]}\">\n\t\t\t\t\t\t<div class=\"elementor-container elementor-column-gap-default\">\n\t\t\t\t\t<div class=\"elementor-column elementor-col-100 elementor-top-column elementor-element elementor-element-2a2e286\" data-id=\"2a2e286\" data-element_type=\"column\">\n\t\t\t<div class=\"elementor-widget-wrap elementor-element-populated\">\n\t\t\t\t\t\t\t\t<div class=\"elementor-element elementor-element-e9b52c0 elementor-widget elementor-widget-text-editor\" data-id=\"e9b52c0\" data-element_type=\"widget\" data-widget_type=\"text-editor.default\">\n\t\t\t\t<div class=\"elementor-widget-container\">\n\t\t\t\t\t\t\t<p><span style=\"font-weight: bold; color: var( --e-global-color-text ); font-family: var( --e-global-typography-text-font-family ), Sans-serif; letter-spacing: 0em;\">Lieu de formation<\/span><\/p><p>Site du Mesnils sur Iton, Chambray.<\/p><p>\u00a0<\/p><p><span style=\"transition-property: all;\"><span style=\"transition-property: all;\"><a style=\"font-family: var( --e-global-typography-text-font-family ), Sans-serif; font-weight: var( --e-global-typography-text-font-weight ); background-color: #ffffff; letter-spacing: 0em;\" href=\"https:\/\/drive.google.com\/file\/d\/1i1M4SiTinIIEcTixpsvM3AUTh8icGIu1\/view?usp=drive_link\" target=\"_blank\" rel=\"noopener\">Cliquez ici pour visualiser la fiche formation compl\u00e8te !<\/a>\u00a0<\/span><\/span><\/p>\t\t\t\t\t\t<\/div>\n\t\t\t\t<\/div>\n\t\t\t\t\t<\/div>\n\t\t<\/div>\n\t\t\t\t\t\t\t<\/div>\n\t\t<\/section>\n\t\t\t\t\t\t<\/div>\n\t\t\t\t\t<\/div>\n\t\t","protected":false},"excerpt":{"rendered":"<p>BTS Analyse, Conduite et Strat\u00e9gie de l&#8217;Entreprise agricole Objectifs de formation Former des professionnels de l\u2019environnement \u00e9conomique, social et juridique des entreprises agricoles. Insertion professionnelle Chef d&#8217;exploitation, conseiller, technicien agricole, assistant client\u00e8le, formateur,&nbsp;responsable de magasin ou d\u2019unit\u00e9 d\u2019approvisionnement. Poursuite d&#8217;\u00e9tudes&nbsp; Licence pro agronomie, Licence pro management, Licence pro productions&nbsp;v\u00e9g\u00e9tales, CS Responsable Technico-Commercial. Admission\/Pr\u00e9requis (selon la &hellip;<\/p>\n","protected":false},"author":3,"featured_media":0,"parent":0,"menu_order":0,"comment_status":"closed","ping_status":"closed","template":"","meta":{"footnotes":""},"class_list":["post-6276","page","type-page","status-publish","hentry","no-thumb"],"_links":{"self":[{"href":"https:\/\/educagri27.fr\/index.php\/wp-json\/wp\/v2\/pages\/6276","targetHints":{"allow":["GET"]}}],"collection":[{"href":"https:\/\/educagri27.fr\/index.php\/wp-json\/wp\/v2\/pages"}],"about":[{"href":"https:\/\/educagri27.fr\/index.php\/wp-json\/wp\/v2\/types\/page"}],"author":[{"embeddable":true,"href":"https:\/\/educagri27.fr\/index.php\/wp-json\/wp\/v2\/users\/3"}],"replies":[{"embeddable":true,"href":"https:\/\/educagri27.fr\/index.php\/wp-json\/wp\/v2\/comments?post=6276"}],"version-history":[{"count":3,"href":"https:\/\/educagri27.fr\/index.php\/wp-json\/wp\/v2\/pages\/6276\/revisions"}],"predecessor-version":[{"id":9185,"href":"https:\/\/educagri27.fr\/index.php\/wp-json\/wp\/v2\/pages\/6276\/revisions\/9185"}],"wp:attachment":[{"href":"https:\/\/educagri27.fr\/index.php\/wp-json\/wp\/v2\/media?parent=6276"}],"curies":[{"name":"wp","href":"https:\/\/api.w.org\/{rel}","templated":true}]}}