{"id":80,"date":"2021-06-06T17:14:52","date_gmt":"2021-06-06T15:14:52","guid":{"rendered":"https:\/\/epl27.domainedechambray.fr\/?page_id=80"},"modified":"2024-11-15T09:02:06","modified_gmt":"2024-11-15T08:02:06","slug":"exploitation-du-neubourg","status":"publish","type":"page","link":"https:\/\/educagri27.fr\/index.php\/exploitation-du-neubourg\/","title":{"rendered":"Exploitation du Neubourg"},"content":{"rendered":"\t\t<div data-elementor-type=\"wp-page\" data-elementor-id=\"80\" class=\"elementor elementor-80\" data-elementor-settings=\"[]\">\n\t\t\t\t\t\t\t<div class=\"elementor-section-wrap\">\n\t\t\t\t\t\t\t<section class=\"elementor-section elementor-top-section elementor-element elementor-element-41ab25e elementor-section-boxed elementor-section-height-default elementor-section-height-default\" data-id=\"41ab25e\" data-element_type=\"section\" data-settings=\"{&quot;jet_parallax_layout_list&quot;:[{&quot;jet_parallax_layout_image&quot;:{&quot;url&quot;:&quot;&quot;,&quot;id&quot;:&quot;&quot;},&quot;_id&quot;:&quot;ed18412&quot;,&quot;jet_parallax_layout_image_tablet&quot;:{&quot;url&quot;:&quot;&quot;,&quot;id&quot;:&quot;&quot;},&quot;jet_parallax_layout_image_mobile&quot;:{&quot;url&quot;:&quot;&quot;,&quot;id&quot;:&quot;&quot;},&quot;jet_parallax_layout_speed&quot;:{&quot;unit&quot;:&quot;%&quot;,&quot;size&quot;:50,&quot;sizes&quot;:[]},&quot;jet_parallax_layout_type&quot;:&quot;scroll&quot;,&quot;jet_parallax_layout_direction&quot;:&quot;1&quot;,&quot;jet_parallax_layout_fx_direction&quot;:null,&quot;jet_parallax_layout_z_index&quot;:&quot;&quot;,&quot;jet_parallax_layout_bg_x&quot;:50,&quot;jet_parallax_layout_bg_x_tablet&quot;:&quot;&quot;,&quot;jet_parallax_layout_bg_x_mobile&quot;:&quot;&quot;,&quot;jet_parallax_layout_bg_y&quot;:50,&quot;jet_parallax_layout_bg_y_tablet&quot;:&quot;&quot;,&quot;jet_parallax_layout_bg_y_mobile&quot;:&quot;&quot;,&quot;jet_parallax_layout_bg_size&quot;:&quot;auto&quot;,&quot;jet_parallax_layout_bg_size_tablet&quot;:&quot;&quot;,&quot;jet_parallax_layout_bg_size_mobile&quot;:&quot;&quot;,&quot;jet_parallax_layout_animation_prop&quot;:&quot;transform&quot;,&quot;jet_parallax_layout_on&quot;:[&quot;desktop&quot;,&quot;tablet&quot;]}]}\">\n\t\t\t\t\t\t<div class=\"elementor-container elementor-column-gap-default\">\n\t\t\t\t\t<div class=\"elementor-column elementor-col-100 elementor-top-column elementor-element elementor-element-8d5f984\" data-id=\"8d5f984\" data-element_type=\"column\">\n\t\t\t<div class=\"elementor-widget-wrap elementor-element-populated\">\n\t\t\t\t\t\t\t\t<div class=\"elementor-element elementor-element-35f0c0a elementor-widget elementor-widget-heading\" data-id=\"35f0c0a\" data-element_type=\"widget\" data-widget_type=\"heading.default\">\n\t\t\t\t<div class=\"elementor-widget-container\">\n\t\t\t<h2 class=\"elementor-heading-title elementor-size-default\">Exploitation Agricole de l\u2019EPL de l\u2019Eure - Site du Neubourg<\/h2>\t\t<\/div>\n\t\t\t\t<\/div>\n\t\t\t\t\t<\/div>\n\t\t<\/div>\n\t\t\t\t\t\t\t<\/div>\n\t\t<\/section>\n\t\t\t\t<section class=\"elementor-section elementor-top-section elementor-element elementor-element-7eb5317 elementor-section-boxed elementor-section-height-default elementor-section-height-default\" data-id=\"7eb5317\" data-element_type=\"section\" data-settings=\"{&quot;jet_parallax_layout_list&quot;:[{&quot;jet_parallax_layout_image&quot;:{&quot;url&quot;:&quot;&quot;,&quot;id&quot;:&quot;&quot;},&quot;_id&quot;:&quot;6f9527c&quot;,&quot;jet_parallax_layout_image_tablet&quot;:{&quot;url&quot;:&quot;&quot;,&quot;id&quot;:&quot;&quot;},&quot;jet_parallax_layout_image_mobile&quot;:{&quot;url&quot;:&quot;&quot;,&quot;id&quot;:&quot;&quot;},&quot;jet_parallax_layout_speed&quot;:{&quot;unit&quot;:&quot;%&quot;,&quot;size&quot;:50,&quot;sizes&quot;:[]},&quot;jet_parallax_layout_type&quot;:&quot;scroll&quot;,&quot;jet_parallax_layout_direction&quot;:&quot;1&quot;,&quot;jet_parallax_layout_fx_direction&quot;:null,&quot;jet_parallax_layout_z_index&quot;:&quot;&quot;,&quot;jet_parallax_layout_bg_x&quot;:50,&quot;jet_parallax_layout_bg_x_tablet&quot;:&quot;&quot;,&quot;jet_parallax_layout_bg_x_mobile&quot;:&quot;&quot;,&quot;jet_parallax_layout_bg_y&quot;:50,&quot;jet_parallax_layout_bg_y_tablet&quot;:&quot;&quot;,&quot;jet_parallax_layout_bg_y_mobile&quot;:&quot;&quot;,&quot;jet_parallax_layout_bg_size&quot;:&quot;auto&quot;,&quot;jet_parallax_layout_bg_size_tablet&quot;:&quot;&quot;,&quot;jet_parallax_layout_bg_size_mobile&quot;:&quot;&quot;,&quot;jet_parallax_layout_animation_prop&quot;:&quot;transform&quot;,&quot;jet_parallax_layout_on&quot;:[&quot;desktop&quot;,&quot;tablet&quot;]}]}\">\n\t\t\t\t\t\t<div class=\"elementor-container elementor-column-gap-default\">\n\t\t\t\t\t<div class=\"elementor-column elementor-col-100 elementor-top-column elementor-element elementor-element-e1a9bde\" data-id=\"e1a9bde\" data-element_type=\"column\">\n\t\t\t<div class=\"elementor-widget-wrap elementor-element-populated\">\n\t\t\t\t\t\t\t\t<div class=\"elementor-element elementor-element-f50092f elementor-widget elementor-widget-image\" data-id=\"f50092f\" data-element_type=\"widget\" data-widget_type=\"image.default\">\n\t\t\t\t<div class=\"elementor-widget-container\">\n\t\t\t\t\t\t\t\t\t\t\t\t\t\t\t<img decoding=\"async\" src=\"https:\/\/educagri27.fr\/wp-content\/uploads\/elementor\/thumbs\/DJI_0200-scaled-rbskg71aw2kkuiq6ui9e2fpy2o9hxnkwb509hddi2g.jpg\" title=\"default\" alt=\"default\" \/>\t\t\t\t\t\t\t\t\t\t\t\t\t\t\t<\/div>\n\t\t\t\t<\/div>\n\t\t\t\t\t<\/div>\n\t\t<\/div>\n\t\t\t\t\t\t\t<\/div>\n\t\t<\/section>\n\t\t\t\t<section class=\"elementor-section elementor-top-section elementor-element elementor-element-c20c0a9 elementor-section-boxed elementor-section-height-default elementor-section-height-default\" data-id=\"c20c0a9\" data-element_type=\"section\" data-settings=\"{&quot;jet_parallax_layout_list&quot;:[{&quot;jet_parallax_layout_image&quot;:{&quot;url&quot;:&quot;&quot;,&quot;id&quot;:&quot;&quot;},&quot;_id&quot;:&quot;1801c6a&quot;,&quot;jet_parallax_layout_image_tablet&quot;:{&quot;url&quot;:&quot;&quot;,&quot;id&quot;:&quot;&quot;},&quot;jet_parallax_layout_image_mobile&quot;:{&quot;url&quot;:&quot;&quot;,&quot;id&quot;:&quot;&quot;},&quot;jet_parallax_layout_speed&quot;:{&quot;unit&quot;:&quot;%&quot;,&quot;size&quot;:50,&quot;sizes&quot;:[]},&quot;jet_parallax_layout_type&quot;:&quot;scroll&quot;,&quot;jet_parallax_layout_direction&quot;:&quot;1&quot;,&quot;jet_parallax_layout_fx_direction&quot;:null,&quot;jet_parallax_layout_z_index&quot;:&quot;&quot;,&quot;jet_parallax_layout_bg_x&quot;:50,&quot;jet_parallax_layout_bg_x_tablet&quot;:&quot;&quot;,&quot;jet_parallax_layout_bg_x_mobile&quot;:&quot;&quot;,&quot;jet_parallax_layout_bg_y&quot;:50,&quot;jet_parallax_layout_bg_y_tablet&quot;:&quot;&quot;,&quot;jet_parallax_layout_bg_y_mobile&quot;:&quot;&quot;,&quot;jet_parallax_layout_bg_size&quot;:&quot;auto&quot;,&quot;jet_parallax_layout_bg_size_tablet&quot;:&quot;&quot;,&quot;jet_parallax_layout_bg_size_mobile&quot;:&quot;&quot;,&quot;jet_parallax_layout_animation_prop&quot;:&quot;transform&quot;,&quot;jet_parallax_layout_on&quot;:[&quot;desktop&quot;,&quot;tablet&quot;]}]}\">\n\t\t\t\t\t\t<div class=\"elementor-container elementor-column-gap-default\">\n\t\t\t\t\t<div class=\"elementor-column elementor-col-100 elementor-top-column elementor-element elementor-element-37d81bd\" data-id=\"37d81bd\" data-element_type=\"column\">\n\t\t\t<div class=\"elementor-widget-wrap elementor-element-populated\">\n\t\t\t\t\t\t\t\t<div class=\"elementor-element elementor-element-6c6ee88 elementor-widget elementor-widget-text-editor\" data-id=\"6c6ee88\" data-element_type=\"widget\" data-widget_type=\"text-editor.default\">\n\t\t\t\t<div class=\"elementor-widget-container\">\n\t\t\t\t\t\t\t<h4><span style=\"text-decoration: underline;\"><strong>\u00c9QUIPE :<\/strong><\/span><\/h4>\n<p>1 directeur et 3 salari\u00e9s.<img loading=\"lazy\" decoding=\"async\" src=\"https:\/\/epl27.domainedechambray.fr\/wp-content\/uploads\/2021\/06\/lexplotation-300x189.jpeg\" alt=\"\" width=\"300\" height=\"189\"><\/p>\n<h4><span style=\"text-decoration: underline;\"><strong>PRODUCTION:<\/strong><\/span><\/h4>\n<p>Chiffre d\u2019affaires: 500 k\u20ac<\/p>\n<p>Grandes cultures 72 ha :<\/p>\n<ul>\n<li>Bl\u00e9, lin fibre, betterave sucri\u00e8re, colza, orge de printemps, f\u00e9verole<\/li>\n<\/ul>\n<p>Bovins lait :<\/p>\n<ul>\n<li>530 000 l produits<\/li>\n<li>64 ha de surface fourrag\u00e8re pour 65 vaches<\/li>\n<li>Races : 1\/4 Normande et 3\/4 Prim&#8217;Holstein<\/li>\n<\/ul>\n<p>Volailles de chair :<\/p>\n<ul>\n<li>Poulets et pintades: 10 500\/an<\/li>\n<\/ul>\n<h4><span style=\"text-decoration: underline;\"><strong>INSTALLATIONS :<\/strong><\/span><\/h4>\n<ul>\n<li>Parc \u00e0 mat\u00e9riel complet, en propri\u00e9t\u00e9, copropri\u00e9t\u00e9 ou CUMA.<\/li>\n<li>Stabulations aires paill\u00e9es.<\/li>\n<li>Salle de traite informatis\u00e9e.<\/li>\n<li>Syst\u00e8me d\u2019aide \u00e0 la d\u00e9tection des chaleurs.<\/li>\n<\/ul>\n<h4><span style=\"text-decoration: underline;\"><strong>P\u00c9DAGOGIE :<\/strong><\/span><\/h4>\n<ul>\n<li>Stage d\u2019une semaine et services de traite en bac pro CGEA et bac techno STAV.<\/li>\n<li>TD\/TP avec toutes les formations.<\/li>\n<li>Utilisation des r\u00e9sultats techniques et \u00e9conomiques.<\/li>\n<li>Accueil ponctuel de stagiaires ext\u00e9rieurs.<\/li>\n<\/ul>\n<h4><span style=\"text-decoration: underline;\"><strong>TYPES DE CONDUITES ET COMMERCIALISATION. :<\/strong><\/span><\/h4>\n<ul>\n<li>Agriculture Biologique, int\u00e9gr\u00e9e et raisonn\u00e9e en grandes cultures.<\/li>\n<li>Volailles \u00e9lev\u00e9es en plein air, sans OGM, en vente directe.<\/li>\n<li>Vente directe de 7 000 L de lait.<\/li>\n<li>Vente du lait en fili\u00e8re conventionnelle.<\/li>\n<\/ul>\n<h4><span style=\"text-decoration: underline;\"><strong>ACTIVIT\u00c9S SP\u00c9CIFIQUES :<\/strong><\/span><\/h4>\n<ul>\n<li>Participation au&nbsp;TROPHEE NATIONAL DES LYCEES AGRICOLES.<\/li>\n<li>Accueil de scolaires et grand public.<\/li>\n<li>Accueil de d\u00e9monstrations de mat\u00e9riel.<\/li>\n<li>Accueil de formations Certiphyto.<\/li>\n<\/ul>\n<h4><span style=\"text-decoration: underline;\"><strong>PROJETS :<\/strong><\/span><\/h4>\n<ul>\n<li>R\u00e9novation des installations et \u00e9quipements de l&#8217;atelier laitier.<\/li>\n<\/ul>\n<h4><span style=\"text-decoration: underline;\"><strong>EXP\u00c9RIMENTATIONS :<\/strong><\/span><\/h4>\n<ul>\n<li>Vari\u00e9t\u00e9 et\/ou itin\u00e9raire en bl\u00e9 tendre et lin fibre.<\/li>\n<li>Vitrine vari\u00e9tale en ma\u00efs.<\/li>\n<li>Essais fertilisation sur toutes cultures.<\/li>\n<\/ul>\n<h4><span style=\"text-decoration: underline;\"><strong>S\u00c9CURIT\u00c9 :<\/strong><\/span><\/h4>\n<ul>\n<li>V\u00e9rification p\u00e9riodique de l\u2019installation \u00e9lectrique, des extincteurs, du t\u00e9lescopique et du chargeur frontal.<\/li>\n<li>Document Unique d\u2019\u00c9valuation des Risques \u00e0 jour.<\/li>\n<\/ul>\n<h4>Contact :<\/h4>\n<p>Directeur : Thomas BELLEVILLE<br>Exploitation Agricole du Neubourg, E.P.L.E.F.P.A. l\u2019Eure<br>3 Rue Pierre Corneille , 27110 Le Neubourg<br>T\u00e9l : 02 32 35 66 45<br>Courriel : expl.le-neubourg@educagri.fr<br>Vente de poulets en ligne : <a href=\"https:\/\/vente-neubourg.educagri27.fr\">https:\/\/vente-neubourg.educagri27.fr<\/a><\/p>\t\t\t\t\t\t<\/div>\n\t\t\t\t<\/div>\n\t\t\t\t\t<\/div>\n\t\t<\/div>\n\t\t\t\t\t\t\t<\/div>\n\t\t<\/section>\n\t\t\t\t\t\t<\/div>\n\t\t\t\t\t<\/div>\n\t\t","protected":false},"excerpt":{"rendered":"<p>Exploitation Agricole de l\u2019EPL de l\u2019Eure &#8211; Site du Neubourg \u00c9QUIPE : 1 directeur et 3 salari\u00e9s. PRODUCTION: Chiffre d\u2019affaires: 500 k\u20ac Grandes cultures 72 ha : Bl\u00e9, lin fibre, betterave sucri\u00e8re, colza, orge de printemps, f\u00e9verole Bovins lait : 530 000 l produits 64 ha de surface fourrag\u00e8re pour 65 vaches Races : 1\/4 &hellip;<\/p>\n","protected":false},"author":1,"featured_media":0,"parent":0,"menu_order":0,"comment_status":"closed","ping_status":"closed","template":"","meta":{"footnotes":""},"class_list":["post-80","page","type-page","status-publish","hentry","no-thumb"],"_links":{"self":[{"href":"https:\/\/educagri27.fr\/index.php\/wp-json\/wp\/v2\/pages\/80","targetHints":{"allow":["GET"]}}],"collection":[{"href":"https:\/\/educagri27.fr\/index.php\/wp-json\/wp\/v2\/pages"}],"about":[{"href":"https:\/\/educagri27.fr\/index.php\/wp-json\/wp\/v2\/types\/page"}],"author":[{"embeddable":true,"href":"https:\/\/educagri27.fr\/index.php\/wp-json\/wp\/v2\/users\/1"}],"replies":[{"embeddable":true,"href":"https:\/\/educagri27.fr\/index.php\/wp-json\/wp\/v2\/comments?post=80"}],"version-history":[{"count":0,"href":"https:\/\/educagri27.fr\/index.php\/wp-json\/wp\/v2\/pages\/80\/revisions"}],"wp:attachment":[{"href":"https:\/\/educagri27.fr\/index.php\/wp-json\/wp\/v2\/media?parent=80"}],"curies":[{"name":"wp","href":"https:\/\/api.w.org\/{rel}","templated":true}]}}