{"id":9461,"date":"2026-04-10T10:28:54","date_gmt":"2026-04-10T08:28:54","guid":{"rendered":"https:\/\/educagri27.fr\/?page_id=9461"},"modified":"2026-04-10T10:29:41","modified_gmt":"2026-04-10T08:29:41","slug":"option-hippologie-equitation","status":"publish","type":"page","link":"https:\/\/educagri27.fr\/index.php\/option-hippologie-equitation\/","title":{"rendered":"Option Hippologie-\u00c9quitation"},"content":{"rendered":"\t\t<div data-elementor-type=\"wp-page\" data-elementor-id=\"9461\" class=\"elementor elementor-9461\" data-elementor-settings=\"[]\">\n\t\t\t\t\t\t\t<div class=\"elementor-section-wrap\">\n\t\t\t\t\t\t\t<section class=\"elementor-section elementor-top-section elementor-element elementor-element-5a09d9c elementor-section-boxed elementor-section-height-default elementor-section-height-default\" data-id=\"5a09d9c\" data-element_type=\"section\" data-settings=\"{&quot;jet_parallax_layout_list&quot;:[]}\">\n\t\t\t\t\t\t<div class=\"elementor-container elementor-column-gap-default\">\n\t\t\t\t\t<div class=\"elementor-column elementor-col-100 elementor-top-column elementor-element elementor-element-32c5a6f\" data-id=\"32c5a6f\" data-element_type=\"column\">\n\t\t\t<div class=\"elementor-widget-wrap elementor-element-populated\">\n\t\t\t\t\t\t\t\t<div class=\"elementor-element elementor-element-b7b3637 elementor-widget elementor-widget-heading\" data-id=\"b7b3637\" data-element_type=\"widget\" data-widget_type=\"heading.default\">\n\t\t\t\t<div class=\"elementor-widget-container\">\n\t\t\t<h2 class=\"elementor-heading-title elementor-size-default\">Option Hippologie-\u00c9quitation<\/h2>\t\t<\/div>\n\t\t\t\t<\/div>\n\t\t\t\t\t<\/div>\n\t\t<\/div>\n\t\t\t\t\t\t\t<\/div>\n\t\t<\/section>\n\t\t\t\t<section class=\"elementor-section elementor-top-section elementor-element elementor-element-2d682fc elementor-section-boxed elementor-section-height-default elementor-section-height-default\" data-id=\"2d682fc\" data-element_type=\"section\" data-settings=\"{&quot;jet_parallax_layout_list&quot;:[]}\">\n\t\t\t\t\t\t<div class=\"elementor-container elementor-column-gap-default\">\n\t\t\t\t\t<div class=\"elementor-column elementor-col-100 elementor-top-column elementor-element elementor-element-4991b70\" data-id=\"4991b70\" data-element_type=\"column\">\n\t\t\t<div class=\"elementor-widget-wrap elementor-element-populated\">\n\t\t\t\t\t\t\t\t<div class=\"elementor-element elementor-element-30de950 elementor-widget elementor-widget-image\" data-id=\"30de950\" data-element_type=\"widget\" data-widget_type=\"image.default\">\n\t\t\t\t<div class=\"elementor-widget-container\">\n\t\t\t\t\t\t\t\t\t\t\t\t\t\t\t<img decoding=\"async\" src=\"https:\/\/educagri27.fr\/wp-content\/uploads\/elementor\/thumbs\/IMG_5390-4503-scaled-rbskfnamyds68g7qx88adpvwjzqwmmf9z4rbt1v648.jpg\" title=\"IMG_5390-4503\" alt=\"IMG_5390-4503\" \/>\t\t\t\t\t\t\t\t\t\t\t\t\t\t\t<\/div>\n\t\t\t\t<\/div>\n\t\t\t\t\t<\/div>\n\t\t<\/div>\n\t\t\t\t\t\t\t<\/div>\n\t\t<\/section>\n\t\t\t\t<section class=\"elementor-section elementor-top-section elementor-element elementor-element-0ab2fc6 elementor-section-boxed elementor-section-height-default elementor-section-height-default\" data-id=\"0ab2fc6\" data-element_type=\"section\" data-settings=\"{&quot;jet_parallax_layout_list&quot;:[]}\">\n\t\t\t\t\t\t<div class=\"elementor-container elementor-column-gap-default\">\n\t\t\t\t\t<div class=\"elementor-column elementor-col-100 elementor-top-column elementor-element elementor-element-88b305e\" data-id=\"88b305e\" data-element_type=\"column\">\n\t\t\t<div class=\"elementor-widget-wrap elementor-element-populated\">\n\t\t\t\t\t\t\t\t<div class=\"elementor-element elementor-element-a66c517 elementor-widget elementor-widget-text-editor\" data-id=\"a66c517\" data-element_type=\"widget\" data-widget_type=\"text-editor.default\">\n\t\t\t\t<div class=\"elementor-widget-container\">\n\t\t\t\t\t\t\t<p>Cette option comprend <b>1 heure d&#8217;hippologie et 2 heures d&#8217;\u00e9quitation<\/b> (en groupe de niveau) <b>chaque semaine<\/b>.\u00a0<\/p><p>Une inscription en classe de 1\u00e8re sans avoir suivi l&#8217;option en seconde est possible sous r\u00e9serves de places vacantes et d&#8217;un niveau d&#8217;\u00e9quitation minimum requis. (test de niveau pr\u00e9vu).<\/p><p>Programme et \u00e9valuations \u00e9tablis en r\u00e9f\u00e9rence aux <b>exigences de la f\u00e9d\u00e9ration fran\u00e7aise d&#8217;\u00e9quitation<\/b> (contr\u00f4le en cours de formation : en classe terminale sur les programmes de 1\u00e8re et terminale; <b>seuls les points au-dessus de 10 sont pris en compte<\/b> pour l&#8217;obtention du dipl\u00f4me).<\/p><p>Une contribution annuelle est demand\u00e9e aux familles pour participer aux frais de fonctionnement.\u00a0\u00a0<\/p>\t\t\t\t\t\t<\/div>\n\t\t\t\t<\/div>\n\t\t\t\t\t<\/div>\n\t\t<\/div>\n\t\t\t\t\t\t\t<\/div>\n\t\t<\/section>\n\t\t\t\t\t\t<\/div>\n\t\t\t\t\t<\/div>\n\t\t","protected":false},"excerpt":{"rendered":"<p>Option Hippologie-\u00c9quitation Cette option comprend 1 heure d&#8217;hippologie et 2 heures d&#8217;\u00e9quitation (en groupe de niveau) chaque semaine.\u00a0 Une inscription en classe de 1\u00e8re sans avoir suivi l&#8217;option en seconde est possible sous r\u00e9serves de places vacantes et d&#8217;un niveau d&#8217;\u00e9quitation minimum requis. (test de niveau pr\u00e9vu). Programme et \u00e9valuations \u00e9tablis en r\u00e9f\u00e9rence aux exigences &hellip;<\/p>\n","protected":false},"author":3,"featured_media":0,"parent":0,"menu_order":0,"comment_status":"closed","ping_status":"closed","template":"","meta":{"footnotes":""},"class_list":["post-9461","page","type-page","status-publish","hentry","no-thumb"],"_links":{"self":[{"href":"https:\/\/educagri27.fr\/index.php\/wp-json\/wp\/v2\/pages\/9461","targetHints":{"allow":["GET"]}}],"collection":[{"href":"https:\/\/educagri27.fr\/index.php\/wp-json\/wp\/v2\/pages"}],"about":[{"href":"https:\/\/educagri27.fr\/index.php\/wp-json\/wp\/v2\/types\/page"}],"author":[{"embeddable":true,"href":"https:\/\/educagri27.fr\/index.php\/wp-json\/wp\/v2\/users\/3"}],"replies":[{"embeddable":true,"href":"https:\/\/educagri27.fr\/index.php\/wp-json\/wp\/v2\/comments?post=9461"}],"version-history":[{"count":4,"href":"https:\/\/educagri27.fr\/index.php\/wp-json\/wp\/v2\/pages\/9461\/revisions"}],"predecessor-version":[{"id":9465,"href":"https:\/\/educagri27.fr\/index.php\/wp-json\/wp\/v2\/pages\/9461\/revisions\/9465"}],"wp:attachment":[{"href":"https:\/\/educagri27.fr\/index.php\/wp-json\/wp\/v2\/media?parent=9461"}],"curies":[{"name":"wp","href":"https:\/\/api.w.org\/{rel}","templated":true}]}}