{"id":9466,"date":"2026-04-10T10:30:04","date_gmt":"2026-04-10T08:30:04","guid":{"rendered":"https:\/\/educagri27.fr\/?page_id=9466"},"modified":"2026-04-10T10:30:50","modified_gmt":"2026-04-10T08:30:50","slug":"option-vtt","status":"publish","type":"page","link":"https:\/\/educagri27.fr\/index.php\/option-vtt\/","title":{"rendered":"Option VTT"},"content":{"rendered":"\t\t<div data-elementor-type=\"wp-page\" data-elementor-id=\"9466\" class=\"elementor elementor-9466\" data-elementor-settings=\"[]\">\n\t\t\t\t\t\t\t<div class=\"elementor-section-wrap\">\n\t\t\t\t\t\t\t<section class=\"elementor-section elementor-top-section elementor-element elementor-element-1a97878 elementor-section-boxed elementor-section-height-default elementor-section-height-default\" data-id=\"1a97878\" data-element_type=\"section\" data-settings=\"{&quot;jet_parallax_layout_list&quot;:[]}\">\n\t\t\t\t\t\t<div class=\"elementor-container elementor-column-gap-default\">\n\t\t\t\t\t<div class=\"elementor-column elementor-col-100 elementor-top-column elementor-element elementor-element-d521e8a\" data-id=\"d521e8a\" data-element_type=\"column\">\n\t\t\t<div class=\"elementor-widget-wrap elementor-element-populated\">\n\t\t\t\t\t\t\t\t<div class=\"elementor-element elementor-element-67d0156 elementor-widget elementor-widget-heading\" data-id=\"67d0156\" data-element_type=\"widget\" data-widget_type=\"heading.default\">\n\t\t\t\t<div class=\"elementor-widget-container\">\n\t\t\t<h2 class=\"elementor-heading-title elementor-size-default\">Option VTT<\/h2>\t\t<\/div>\n\t\t\t\t<\/div>\n\t\t\t\t\t<\/div>\n\t\t<\/div>\n\t\t\t\t\t\t\t<\/div>\n\t\t<\/section>\n\t\t\t\t<section class=\"elementor-section elementor-top-section elementor-element elementor-element-402e8fc elementor-section-boxed elementor-section-height-default elementor-section-height-default\" data-id=\"402e8fc\" data-element_type=\"section\" data-settings=\"{&quot;jet_parallax_layout_list&quot;:[]}\">\n\t\t\t\t\t\t<div class=\"elementor-container elementor-column-gap-default\">\n\t\t\t\t\t<div class=\"elementor-column elementor-col-100 elementor-top-column elementor-element elementor-element-0a7ac5a\" data-id=\"0a7ac5a\" data-element_type=\"column\">\n\t\t\t<div class=\"elementor-widget-wrap elementor-element-populated\">\n\t\t\t\t\t\t\t\t<div class=\"elementor-element elementor-element-b2d9f7d elementor-widget elementor-widget-image\" data-id=\"b2d9f7d\" data-element_type=\"widget\" data-widget_type=\"image.default\">\n\t\t\t\t<div class=\"elementor-widget-container\">\n\t\t\t\t\t\t\t\t\t\t\t\t\t\t\t<img decoding=\"async\" src=\"https:\/\/educagri27.fr\/wp-content\/uploads\/elementor\/thumbs\/sport-3730210_1280-rbskegzweu69pzx6s7y2rik5tnje08rctbeh7llvw8.jpg\" title=\"sport-3730210_1280\" alt=\"Option VTT\" \/>\t\t\t\t\t\t\t\t\t\t\t\t\t\t\t<\/div>\n\t\t\t\t<\/div>\n\t\t\t\t\t<\/div>\n\t\t<\/div>\n\t\t\t\t\t\t\t<\/div>\n\t\t<\/section>\n\t\t\t\t<section class=\"elementor-section elementor-top-section elementor-element elementor-element-c8b896d elementor-section-boxed elementor-section-height-default elementor-section-height-default\" data-id=\"c8b896d\" data-element_type=\"section\" data-settings=\"{&quot;jet_parallax_layout_list&quot;:[]}\">\n\t\t\t\t\t\t<div class=\"elementor-container elementor-column-gap-default\">\n\t\t\t\t\t<div class=\"elementor-column elementor-col-100 elementor-top-column elementor-element elementor-element-67a658b\" data-id=\"67a658b\" data-element_type=\"column\">\n\t\t\t<div class=\"elementor-widget-wrap elementor-element-populated\">\n\t\t\t\t\t\t\t\t<div class=\"elementor-element elementor-element-f756324 elementor-widget elementor-widget-text-editor\" data-id=\"f756324\" data-element_type=\"widget\" data-widget_type=\"text-editor.default\">\n\t\t\t\t<div class=\"elementor-widget-container\">\n\t\t\t\t\t\t\t<p>Cette option comprend <b>chaque semaine 2 heures de pratique<\/b> du VTT encadr\u00e9e par les enseignants d&#8217;EPS, ainsi qu<b>&#8216;un stage d&#8217;une semaine <\/b>au mois de juin.\u00a0<\/p><p>Elle vient renforcer la programmation des activit\u00e9s pratiqu\u00e9es en EPS et est ouverte aux \u00e9l\u00e8ves de seconde, premi\u00e8re et terminale.\u00a0<\/p><p>L&#8217;option est \u00e9valu\u00e9e en contr\u00f4le continu et permet \u00e0 l&#8217;\u00e9l\u00e8ve de <b>capitaliser des points pour l&#8217;examen du baccalaur\u00e9at<\/b>.\u00a0<\/p><p>Les demandes d&#8217;inscriptions dans l&#8217;option se font lors du rendez-vous d&#8217;admission au lyc\u00e9e. Les familles sont inform\u00e9es avant la fin du mois de juin par courrier de la suite donn\u00e9e \u00e0 cette demande.\u00a0<\/p><p>Conditions particuli\u00e8res : <b>l&#8217;option est gratuite<\/b> mais les \u00e9l\u00e8ves doivent utiliser leur propre VTT et leur propre casque dont ils assurent l&#8217;entretien afin de les responsabiliser.\u00a0<\/p>\t\t\t\t\t\t<\/div>\n\t\t\t\t<\/div>\n\t\t\t\t\t<\/div>\n\t\t<\/div>\n\t\t\t\t\t\t\t<\/div>\n\t\t<\/section>\n\t\t\t\t\t\t<\/div>\n\t\t\t\t\t<\/div>\n\t\t","protected":false},"excerpt":{"rendered":"<p>Option VTT Cette option comprend chaque semaine 2 heures de pratique du VTT encadr\u00e9e par les enseignants d&#8217;EPS, ainsi qu&#8216;un stage d&#8217;une semaine au mois de juin.\u00a0 Elle vient renforcer la programmation des activit\u00e9s pratiqu\u00e9es en EPS et est ouverte aux \u00e9l\u00e8ves de seconde, premi\u00e8re et terminale.\u00a0 L&#8217;option est \u00e9valu\u00e9e en contr\u00f4le continu et permet &hellip;<\/p>\n","protected":false},"author":3,"featured_media":0,"parent":0,"menu_order":0,"comment_status":"closed","ping_status":"closed","template":"","meta":{"footnotes":""},"class_list":["post-9466","page","type-page","status-publish","hentry","no-thumb"],"_links":{"self":[{"href":"https:\/\/educagri27.fr\/index.php\/wp-json\/wp\/v2\/pages\/9466","targetHints":{"allow":["GET"]}}],"collection":[{"href":"https:\/\/educagri27.fr\/index.php\/wp-json\/wp\/v2\/pages"}],"about":[{"href":"https:\/\/educagri27.fr\/index.php\/wp-json\/wp\/v2\/types\/page"}],"author":[{"embeddable":true,"href":"https:\/\/educagri27.fr\/index.php\/wp-json\/wp\/v2\/users\/3"}],"replies":[{"embeddable":true,"href":"https:\/\/educagri27.fr\/index.php\/wp-json\/wp\/v2\/comments?post=9466"}],"version-history":[{"count":4,"href":"https:\/\/educagri27.fr\/index.php\/wp-json\/wp\/v2\/pages\/9466\/revisions"}],"predecessor-version":[{"id":9470,"href":"https:\/\/educagri27.fr\/index.php\/wp-json\/wp\/v2\/pages\/9466\/revisions\/9470"}],"wp:attachment":[{"href":"https:\/\/educagri27.fr\/index.php\/wp-json\/wp\/v2\/media?parent=9466"}],"curies":[{"name":"wp","href":"https:\/\/api.w.org\/{rel}","templated":true}]}}