{"id":9471,"date":"2026-04-10T10:31:21","date_gmt":"2026-04-10T08:31:21","guid":{"rendered":"https:\/\/educagri27.fr\/?page_id=9471"},"modified":"2026-04-10T10:31:53","modified_gmt":"2026-04-10T08:31:53","slug":"section-europeenne-anglais","status":"publish","type":"page","link":"https:\/\/educagri27.fr\/index.php\/section-europeenne-anglais\/","title":{"rendered":"Section Europ\u00e9enne Anglais"},"content":{"rendered":"\t\t<div data-elementor-type=\"wp-page\" data-elementor-id=\"9471\" class=\"elementor elementor-9471\" data-elementor-settings=\"[]\">\n\t\t\t\t\t\t\t<div class=\"elementor-section-wrap\">\n\t\t\t\t\t\t\t<section class=\"elementor-section elementor-top-section elementor-element elementor-element-6cafa79 elementor-section-boxed elementor-section-height-default elementor-section-height-default\" data-id=\"6cafa79\" data-element_type=\"section\" data-settings=\"{&quot;jet_parallax_layout_list&quot;:[]}\">\n\t\t\t\t\t\t<div class=\"elementor-container elementor-column-gap-default\">\n\t\t\t\t\t<div class=\"elementor-column elementor-col-100 elementor-top-column elementor-element elementor-element-5bddd8e\" data-id=\"5bddd8e\" data-element_type=\"column\">\n\t\t\t<div class=\"elementor-widget-wrap elementor-element-populated\">\n\t\t\t\t\t\t\t\t<div class=\"elementor-element elementor-element-0bcf502 elementor-widget elementor-widget-heading\" data-id=\"0bcf502\" data-element_type=\"widget\" data-widget_type=\"heading.default\">\n\t\t\t\t<div class=\"elementor-widget-container\">\n\t\t\t<h2 class=\"elementor-heading-title elementor-size-default\">Section Europ\u00e9enne Anglais <\/h2>\t\t<\/div>\n\t\t\t\t<\/div>\n\t\t\t\t\t<\/div>\n\t\t<\/div>\n\t\t\t\t\t\t\t<\/div>\n\t\t<\/section>\n\t\t\t\t<section class=\"elementor-section elementor-top-section elementor-element elementor-element-e982f36 elementor-section-boxed elementor-section-height-default elementor-section-height-default\" data-id=\"e982f36\" data-element_type=\"section\" data-settings=\"{&quot;jet_parallax_layout_list&quot;:[]}\">\n\t\t\t\t\t\t<div class=\"elementor-container elementor-column-gap-default\">\n\t\t\t\t\t<div class=\"elementor-column elementor-col-100 elementor-top-column elementor-element elementor-element-539f9ca\" data-id=\"539f9ca\" data-element_type=\"column\">\n\t\t\t<div class=\"elementor-widget-wrap elementor-element-populated\">\n\t\t\t\t\t\t\t\t<div class=\"elementor-element elementor-element-431bbe1 elementor-widget elementor-widget-image\" data-id=\"431bbe1\" data-element_type=\"widget\" data-widget_type=\"image.default\">\n\t\t\t\t<div class=\"elementor-widget-container\">\n\t\t\t\t\t\t\t\t\t\t\t\t\t\t\t<img decoding=\"async\" src=\"https:\/\/educagri27.fr\/wp-content\/uploads\/elementor\/thumbs\/pexels-pixabay-460672-rbskfmcsrjqvwu942ptnt84fylvjexbjn03ubrwkag.jpg\" title=\"pexels-pixabay-460672\" alt=\"pexels-pixabay-460672\" \/>\t\t\t\t\t\t\t\t\t\t\t\t\t\t\t<\/div>\n\t\t\t\t<\/div>\n\t\t\t\t\t<\/div>\n\t\t<\/div>\n\t\t\t\t\t\t\t<\/div>\n\t\t<\/section>\n\t\t\t\t<section class=\"elementor-section elementor-top-section elementor-element elementor-element-0fa7fc4 elementor-section-boxed elementor-section-height-default elementor-section-height-default\" data-id=\"0fa7fc4\" data-element_type=\"section\" data-settings=\"{&quot;jet_parallax_layout_list&quot;:[]}\">\n\t\t\t\t\t\t<div class=\"elementor-container elementor-column-gap-default\">\n\t\t\t\t\t<div class=\"elementor-column elementor-col-100 elementor-top-column elementor-element elementor-element-17e0570\" data-id=\"17e0570\" data-element_type=\"column\">\n\t\t\t<div class=\"elementor-widget-wrap elementor-element-populated\">\n\t\t\t\t\t\t\t\t<div class=\"elementor-element elementor-element-9f40ee3 elementor-widget elementor-widget-text-editor\" data-id=\"9f40ee3\" data-element_type=\"widget\" data-widget_type=\"text-editor.default\">\n\t\t\t\t<div class=\"elementor-widget-container\">\n\t\t\t\t\t\t\t<p>Cette section comprends <b>1h d&#8217;anglais et 1h de discipline non linguistique (PNL) par semaine.<\/b> Les th\u00e9matiques abord\u00e9es se rattachent \u00e0 la biologie-\u00e9cologie qui est en enseignement sp\u00e9cifique du lyc\u00e9e. Aucune condition particuli\u00e8re n&#8217;est requise pour l&#8217;admission dans ces sections hormis <b>une aptitude et une motivation pour l&#8217;apprentissage de l&#8217;anglais<\/b>.\u00a0<\/p><p>L&#8217;\u00e9l\u00e8ve doit \u00e9galement se pr\u00e9senter aux \u00e9preuves sp\u00e9cifiques de la section et satisfaire aux conditions suivantes :\u00a0<\/p><p>\u2022 Avoir obtenu au moins 12 sur 20 \u00e0 l&#8217;\u00e9preuve de contr\u00f4le continu de la langue vivante de section;<\/p><p>\u2022 Avoir obtenu au moins 10 sur 20 \u00e0 l&#8217;\u00e9preuve sp\u00e9cifique de contr\u00f4le continu de la ou des DNL (constitu\u00e9 \u00e0 20% d&#8217;une note de scolarit\u00e9 dans la section en terminale et \u00e0 80% d&#8217;une interrogation orale dans la langue de la section en terminale, la note finale est prise en compte comme enseignement optionnel.<\/p><p>Sous condition de situation favorable, un voyage en Angleterre est organis\u00e9 de sorte \u00e0 mettre en pratique les acquis de la section.\u00a0<\/p>\t\t\t\t\t\t<\/div>\n\t\t\t\t<\/div>\n\t\t\t\t\t<\/div>\n\t\t<\/div>\n\t\t\t\t\t\t\t<\/div>\n\t\t<\/section>\n\t\t\t\t\t\t<\/div>\n\t\t\t\t\t<\/div>\n\t\t","protected":false},"excerpt":{"rendered":"<p>Section Europ\u00e9enne Anglais Cette section comprends 1h d&#8217;anglais et 1h de discipline non linguistique (PNL) par semaine. Les th\u00e9matiques abord\u00e9es se rattachent \u00e0 la biologie-\u00e9cologie qui est en enseignement sp\u00e9cifique du lyc\u00e9e. Aucune condition particuli\u00e8re n&#8217;est requise pour l&#8217;admission dans ces sections hormis une aptitude et une motivation pour l&#8217;apprentissage de l&#8217;anglais.\u00a0 L&#8217;\u00e9l\u00e8ve doit \u00e9galement &hellip;<\/p>\n","protected":false},"author":3,"featured_media":0,"parent":0,"menu_order":0,"comment_status":"closed","ping_status":"closed","template":"","meta":{"footnotes":""},"class_list":["post-9471","page","type-page","status-publish","hentry","no-thumb"],"_links":{"self":[{"href":"https:\/\/educagri27.fr\/index.php\/wp-json\/wp\/v2\/pages\/9471","targetHints":{"allow":["GET"]}}],"collection":[{"href":"https:\/\/educagri27.fr\/index.php\/wp-json\/wp\/v2\/pages"}],"about":[{"href":"https:\/\/educagri27.fr\/index.php\/wp-json\/wp\/v2\/types\/page"}],"author":[{"embeddable":true,"href":"https:\/\/educagri27.fr\/index.php\/wp-json\/wp\/v2\/users\/3"}],"replies":[{"embeddable":true,"href":"https:\/\/educagri27.fr\/index.php\/wp-json\/wp\/v2\/comments?post=9471"}],"version-history":[{"count":4,"href":"https:\/\/educagri27.fr\/index.php\/wp-json\/wp\/v2\/pages\/9471\/revisions"}],"predecessor-version":[{"id":9475,"href":"https:\/\/educagri27.fr\/index.php\/wp-json\/wp\/v2\/pages\/9471\/revisions\/9475"}],"wp:attachment":[{"href":"https:\/\/educagri27.fr\/index.php\/wp-json\/wp\/v2\/media?parent=9471"}],"curies":[{"name":"wp","href":"https:\/\/api.w.org\/{rel}","templated":true}]}}