{"id":9476,"date":"2026-04-10T10:32:26","date_gmt":"2026-04-10T08:32:26","guid":{"rendered":"https:\/\/educagri27.fr\/?page_id=9476"},"modified":"2026-04-10T10:32:49","modified_gmt":"2026-04-10T08:32:49","slug":"section-sportive-rugby","status":"publish","type":"page","link":"https:\/\/educagri27.fr\/index.php\/section-sportive-rugby\/","title":{"rendered":"Section Sportive Rugby"},"content":{"rendered":"\t\t<div data-elementor-type=\"wp-page\" data-elementor-id=\"9476\" class=\"elementor elementor-9476\" data-elementor-settings=\"[]\">\n\t\t\t\t\t\t\t<div class=\"elementor-section-wrap\">\n\t\t\t\t\t\t\t<section class=\"elementor-section elementor-top-section elementor-element elementor-element-aeed696 elementor-section-boxed elementor-section-height-default elementor-section-height-default\" data-id=\"aeed696\" data-element_type=\"section\" data-settings=\"{&quot;jet_parallax_layout_list&quot;:[]}\">\n\t\t\t\t\t\t<div class=\"elementor-container elementor-column-gap-default\">\n\t\t\t\t\t<div class=\"elementor-column elementor-col-100 elementor-top-column elementor-element elementor-element-46e5894\" data-id=\"46e5894\" data-element_type=\"column\">\n\t\t\t<div class=\"elementor-widget-wrap elementor-element-populated\">\n\t\t\t\t\t\t\t\t<div class=\"elementor-element elementor-element-a04e232 elementor-widget elementor-widget-heading\" data-id=\"a04e232\" data-element_type=\"widget\" data-widget_type=\"heading.default\">\n\t\t\t\t<div class=\"elementor-widget-container\">\n\t\t\t<h2 class=\"elementor-heading-title elementor-size-default\">Section Sportive de l'Enseignement Agricole Rugby\nBiqualification \u00e0 l'arbitrage<\/h2>\t\t<\/div>\n\t\t\t\t<\/div>\n\t\t\t\t\t<\/div>\n\t\t<\/div>\n\t\t\t\t\t\t\t<\/div>\n\t\t<\/section>\n\t\t\t\t<section class=\"elementor-section elementor-top-section elementor-element elementor-element-3ba1082 elementor-section-boxed elementor-section-height-default elementor-section-height-default\" data-id=\"3ba1082\" data-element_type=\"section\" data-settings=\"{&quot;jet_parallax_layout_list&quot;:[]}\">\n\t\t\t\t\t\t<div class=\"elementor-container elementor-column-gap-default\">\n\t\t\t\t\t<div class=\"elementor-column elementor-col-100 elementor-top-column elementor-element elementor-element-344ed76\" data-id=\"344ed76\" data-element_type=\"column\">\n\t\t\t<div class=\"elementor-widget-wrap elementor-element-populated\">\n\t\t\t\t\t\t\t\t<div class=\"elementor-element elementor-element-1d59012 elementor-widget elementor-widget-image\" data-id=\"1d59012\" data-element_type=\"widget\" data-widget_type=\"image.default\">\n\t\t\t\t<div class=\"elementor-widget-container\">\n\t\t\t\t\t\t\t\t\t\t\t\t\t\t\t<img decoding=\"async\" src=\"https:\/\/educagri27.fr\/wp-content\/uploads\/elementor\/thumbs\/IMG_1680-scaled-rbskfjja71n0y0d7j6ls3qu26g9fru0cmm5dvy0qt4.jpg\" title=\"IMG_1680\" alt=\"IMG_1680\" \/>\t\t\t\t\t\t\t\t\t\t\t\t\t\t\t<\/div>\n\t\t\t\t<\/div>\n\t\t\t\t\t<\/div>\n\t\t<\/div>\n\t\t\t\t\t\t\t<\/div>\n\t\t<\/section>\n\t\t\t\t<section class=\"elementor-section elementor-top-section elementor-element elementor-element-4e1f355 elementor-section-boxed elementor-section-height-default elementor-section-height-default\" data-id=\"4e1f355\" data-element_type=\"section\" data-settings=\"{&quot;jet_parallax_layout_list&quot;:[]}\">\n\t\t\t\t\t\t<div class=\"elementor-container elementor-column-gap-default\">\n\t\t\t\t\t<div class=\"elementor-column elementor-col-100 elementor-top-column elementor-element elementor-element-9942e96\" data-id=\"9942e96\" data-element_type=\"column\">\n\t\t\t<div class=\"elementor-widget-wrap elementor-element-populated\">\n\t\t\t\t\t\t\t\t<div class=\"elementor-element elementor-element-a17afbd elementor-widget elementor-widget-text-editor\" data-id=\"a17afbd\" data-element_type=\"widget\" data-widget_type=\"text-editor.default\">\n\t\t\t\t<div class=\"elementor-widget-container\">\n\t\t\t\t\t\t\t<p style=\"text-align: center;\">En relation avec le comit\u00e9 d\u00e9partemental de l&#8217;Eure, le club d&#8217;\u00c9vreux et la F\u00e9d\u00e9ration Fran\u00e7aise de Rugby.<\/p><p style=\"text-align: center;\">Le rugby prendra plus d&#8217;importance d\u00e8s septembre 2025 avec l&#8217;ouverture de la section sportive.<\/p><p style=\"text-align: center;\">La section est ouverte \u00e0 toutes les fili\u00e8res. (hors BTS)<\/p>\t\t\t\t\t\t<\/div>\n\t\t\t\t<\/div>\n\t\t\t\t\t<\/div>\n\t\t<\/div>\n\t\t\t\t\t\t\t<\/div>\n\t\t<\/section>\n\t\t\t\t\t\t<\/div>\n\t\t\t\t\t<\/div>\n\t\t","protected":false},"excerpt":{"rendered":"<p>Section Sportive de l&#8217;Enseignement Agricole Rugby Biqualification \u00e0 l&#8217;arbitrage En relation avec le comit\u00e9 d\u00e9partemental de l&#8217;Eure, le club d&#8217;\u00c9vreux et la F\u00e9d\u00e9ration Fran\u00e7aise de Rugby. Le rugby prendra plus d&#8217;importance d\u00e8s septembre 2025 avec l&#8217;ouverture de la section sportive. La section est ouverte \u00e0 toutes les fili\u00e8res. (hors BTS)<\/p>\n","protected":false},"author":3,"featured_media":0,"parent":0,"menu_order":0,"comment_status":"closed","ping_status":"closed","template":"","meta":{"footnotes":""},"class_list":["post-9476","page","type-page","status-publish","hentry","no-thumb"],"_links":{"self":[{"href":"https:\/\/educagri27.fr\/index.php\/wp-json\/wp\/v2\/pages\/9476","targetHints":{"allow":["GET"]}}],"collection":[{"href":"https:\/\/educagri27.fr\/index.php\/wp-json\/wp\/v2\/pages"}],"about":[{"href":"https:\/\/educagri27.fr\/index.php\/wp-json\/wp\/v2\/types\/page"}],"author":[{"embeddable":true,"href":"https:\/\/educagri27.fr\/index.php\/wp-json\/wp\/v2\/users\/3"}],"replies":[{"embeddable":true,"href":"https:\/\/educagri27.fr\/index.php\/wp-json\/wp\/v2\/comments?post=9476"}],"version-history":[{"count":4,"href":"https:\/\/educagri27.fr\/index.php\/wp-json\/wp\/v2\/pages\/9476\/revisions"}],"predecessor-version":[{"id":9480,"href":"https:\/\/educagri27.fr\/index.php\/wp-json\/wp\/v2\/pages\/9476\/revisions\/9480"}],"wp:attachment":[{"href":"https:\/\/educagri27.fr\/index.php\/wp-json\/wp\/v2\/media?parent=9476"}],"curies":[{"name":"wp","href":"https:\/\/api.w.org\/{rel}","templated":true}]}}