{"id":9491,"date":"2026-04-10T10:55:47","date_gmt":"2026-04-10T08:55:47","guid":{"rendered":"https:\/\/educagri27.fr\/?page_id=9491"},"modified":"2026-04-10T11:03:09","modified_gmt":"2026-04-10T09:03:09","slug":"option-arts-du-spectacle","status":"publish","type":"page","link":"https:\/\/educagri27.fr\/index.php\/option-arts-du-spectacle\/","title":{"rendered":"Option Arts du spectacle"},"content":{"rendered":"\t\t<div data-elementor-type=\"wp-page\" data-elementor-id=\"9491\" class=\"elementor elementor-9491\" data-elementor-settings=\"[]\">\n\t\t\t\t\t\t\t<div class=\"elementor-section-wrap\">\n\t\t\t\t\t\t\t<section class=\"elementor-section elementor-top-section elementor-element elementor-element-92d5a24 elementor-section-boxed elementor-section-height-default elementor-section-height-default\" data-id=\"92d5a24\" data-element_type=\"section\" data-settings=\"{&quot;jet_parallax_layout_list&quot;:[]}\">\n\t\t\t\t\t\t<div class=\"elementor-container elementor-column-gap-default\">\n\t\t\t\t\t<div class=\"elementor-column elementor-col-100 elementor-top-column elementor-element elementor-element-eeb5547\" data-id=\"eeb5547\" data-element_type=\"column\">\n\t\t\t<div class=\"elementor-widget-wrap elementor-element-populated\">\n\t\t\t\t\t\t\t\t<div class=\"elementor-element elementor-element-e2e166a elementor-widget elementor-widget-heading\" data-id=\"e2e166a\" data-element_type=\"widget\" data-widget_type=\"heading.default\">\n\t\t\t\t<div class=\"elementor-widget-container\">\n\t\t\t<h2 class=\"elementor-heading-title elementor-size-default\">Option facultative Arts du spectacle<\/h2>\t\t<\/div>\n\t\t\t\t<\/div>\n\t\t\t\t\t<\/div>\n\t\t<\/div>\n\t\t\t\t\t\t\t<\/div>\n\t\t<\/section>\n\t\t\t\t<section class=\"elementor-section elementor-top-section elementor-element elementor-element-9ab2ee3 elementor-section-boxed elementor-section-height-default elementor-section-height-default\" data-id=\"9ab2ee3\" data-element_type=\"section\" data-settings=\"{&quot;jet_parallax_layout_list&quot;:[]}\">\n\t\t\t\t\t\t<div class=\"elementor-container elementor-column-gap-default\">\n\t\t\t\t\t<div class=\"elementor-column elementor-col-100 elementor-top-column elementor-element elementor-element-6d86969\" data-id=\"6d86969\" data-element_type=\"column\">\n\t\t\t<div class=\"elementor-widget-wrap elementor-element-populated\">\n\t\t\t\t\t\t\t\t<div class=\"elementor-element elementor-element-f62cee6 elementor-widget elementor-widget-text-editor\" data-id=\"f62cee6\" data-element_type=\"widget\" data-widget_type=\"text-editor.default\">\n\t\t\t\t<div class=\"elementor-widget-container\">\n\t\t\t\t\t\t\t<p>Initiation aux Arts du Cirque, Sant\u00e9 et Bien Etre en partenariat avec l\u2019\u00c9cole Holistique Circus de Gouville<\/p><p>Pour les classes de Seconde, Premi\u00e8re et Terminale <\/p>\t\t\t\t\t\t<\/div>\n\t\t\t\t<\/div>\n\t\t\t\t\t<\/div>\n\t\t<\/div>\n\t\t\t\t\t\t\t<\/div>\n\t\t<\/section>\n\t\t\t\t<section class=\"elementor-section elementor-top-section elementor-element elementor-element-b3398d2 elementor-section-boxed elementor-section-height-default elementor-section-height-default\" data-id=\"b3398d2\" data-element_type=\"section\" data-settings=\"{&quot;jet_parallax_layout_list&quot;:[]}\">\n\t\t\t\t\t\t<div class=\"elementor-container elementor-column-gap-default\">\n\t\t\t\t\t<div class=\"elementor-column elementor-col-100 elementor-top-column elementor-element elementor-element-442d2fd\" data-id=\"442d2fd\" data-element_type=\"column\">\n\t\t\t<div class=\"elementor-widget-wrap elementor-element-populated\">\n\t\t\t\t\t\t\t\t<div class=\"elementor-element elementor-element-23d5b43 elementor-widget elementor-widget-text-editor\" data-id=\"23d5b43\" data-element_type=\"widget\" data-widget_type=\"text-editor.default\">\n\t\t\t\t<div class=\"elementor-widget-container\">\n\t\t\t\t\t\t\t<p>Enseignement optionnel qui comprend :<\/p><ul><li>2h30 de pratique des activit\u00e9s circac\u00e9ennes<\/li><li>1h00 bi-mensuelle de th\u00e9orie, d\u2019activit\u00e9s li\u00e9es \u00e0 la sant\u00e9 et au bien-\u00eatre<\/li><li>1 spectacle en fin d\u2019ann\u00e9e sur le site exceptionnel du lyc\u00e9e.<\/li><\/ul><p>Cette option vient renforcer la programmation des activit\u00e9s pratiqu\u00e9es en EPS mais aussi les Comp\u00e9tences Psycho Sociales.<\/p><p>L\u2019option est \u00e9valu\u00e9e en Contr\u00f4le Continu et permet aux jeunes de capitaliser des points suppl\u00e9mentaires pour l\u2019obtention du baccalaur\u00e9at. Aussi, les notes obtenues dans le cadre de cette option comptent coefficient 1 pour l\u2019obtention du dipl\u00f4me.<\/p><ul><li>Les demandes d\u2019inscription dans l\u2019option se font lors du rendez-vous au lyc\u00e9e.<\/li><li>Les s\u00e9ances de pratique\u00a0seront organis\u00e9es dans la salle de l\u2019Ecole du Cirque de Gouville.<\/li><li>Une contribution annuelle est demand\u00e9e aux familles : 100,00 \u20ac pour l\u2019ann\u00e9e 2025-2026 (tarifs actualis\u00e9s en juin).<\/li><\/ul>\t\t\t\t\t\t<\/div>\n\t\t\t\t<\/div>\n\t\t\t\t\t<\/div>\n\t\t<\/div>\n\t\t\t\t\t\t\t<\/div>\n\t\t<\/section>\n\t\t\t\t\t\t<\/div>\n\t\t\t\t\t<\/div>\n\t\t","protected":false},"excerpt":{"rendered":"<p>Option facultative Arts du spectacle Initiation aux Arts du Cirque, Sant\u00e9 et Bien Etre en partenariat avec l\u2019\u00c9cole Holistique Circus de Gouville Pour les classes de Seconde, Premi\u00e8re et Terminale Enseignement optionnel qui comprend : 2h30 de pratique des activit\u00e9s circac\u00e9ennes 1h00 bi-mensuelle de th\u00e9orie, d\u2019activit\u00e9s li\u00e9es \u00e0 la sant\u00e9 et au bien-\u00eatre 1 spectacle &hellip;<\/p>\n","protected":false},"author":3,"featured_media":0,"parent":0,"menu_order":0,"comment_status":"closed","ping_status":"closed","template":"","meta":{"footnotes":""},"class_list":["post-9491","page","type-page","status-publish","hentry","no-thumb"],"_links":{"self":[{"href":"https:\/\/educagri27.fr\/index.php\/wp-json\/wp\/v2\/pages\/9491","targetHints":{"allow":["GET"]}}],"collection":[{"href":"https:\/\/educagri27.fr\/index.php\/wp-json\/wp\/v2\/pages"}],"about":[{"href":"https:\/\/educagri27.fr\/index.php\/wp-json\/wp\/v2\/types\/page"}],"author":[{"embeddable":true,"href":"https:\/\/educagri27.fr\/index.php\/wp-json\/wp\/v2\/users\/3"}],"replies":[{"embeddable":true,"href":"https:\/\/educagri27.fr\/index.php\/wp-json\/wp\/v2\/comments?post=9491"}],"version-history":[{"count":4,"href":"https:\/\/educagri27.fr\/index.php\/wp-json\/wp\/v2\/pages\/9491\/revisions"}],"predecessor-version":[{"id":9496,"href":"https:\/\/educagri27.fr\/index.php\/wp-json\/wp\/v2\/pages\/9491\/revisions\/9496"}],"wp:attachment":[{"href":"https:\/\/educagri27.fr\/index.php\/wp-json\/wp\/v2\/media?parent=9491"}],"curies":[{"name":"wp","href":"https:\/\/api.w.org\/{rel}","templated":true}]}}